{"id":2288,"date":"2022-01-17T17:53:06","date_gmt":"2022-01-17T17:53:06","guid":{"rendered":"https:\/\/brindes.weturnon.pt\/a-propos-de-nous\/qui-nous-sommes\/"},"modified":"2023-03-31T11:35:07","modified_gmt":"2023-03-31T11:35:07","slug":"qui-nous-sommes","status":"publish","type":"page","link":"https:\/\/brindologia.com\/fr\/a-propos-de-nous\/qui-nous-sommes\/","title":{"rendered":"Qui Nous Sommes"},"content":{"rendered":"\t\t<div data-elementor-type=\"wp-page\" data-elementor-id=\"2288\" class=\"elementor elementor-2288 elementor-17\" data-elementor-post-type=\"page\">\n\t\t\t\t\t\t<section class=\"ob-is-breaking-bad elementor-section elementor-top-section elementor-element elementor-element-b7185ca elementor-section-boxed elementor-section-height-default elementor-section-height-default\" data-id=\"b7185ca\" data-element_type=\"section\" data-e-type=\"section\" data-settings=\"{&quot;jet_parallax_layout_list&quot;:[],&quot;_ob_bbad_use_it&quot;:&quot;yes&quot;,&quot;_ob_bbad_sssic_use&quot;:&quot;no&quot;,&quot;_ob_glider_is_slider&quot;:&quot;no&quot;}\">\n\t\t\t\t\t\t<div class=\"elementor-container elementor-column-gap-no\">\n\t\t\t\t\t<div class=\"elementor-column elementor-col-50 elementor-top-column elementor-element elementor-element-2e457ad\" data-id=\"2e457ad\" data-element_type=\"column\" data-e-type=\"column\" data-settings=\"{&quot;_ob_bbad_is_stalker&quot;:&quot;no&quot;,&quot;_ob_teleporter_use&quot;:false,&quot;_ob_column_hoveranimator&quot;:&quot;no&quot;,&quot;_ob_column_has_pseudo&quot;:&quot;no&quot;}\">\n\t\t\t<div class=\"elementor-widget-wrap elementor-element-populated\">\n\t\t\t\t\t\t<div class=\"elementor-element elementor-element-51f1971 ob-has-background-overlay elementor-widget elementor-widget-video\" data-id=\"51f1971\" data-element_type=\"widget\" data-e-type=\"widget\" data-settings=\"{&quot;video_type&quot;:&quot;hosted&quot;,&quot;autoplay&quot;:&quot;yes&quot;,&quot;play_on_mobile&quot;:&quot;yes&quot;,&quot;mute&quot;:&quot;yes&quot;,&quot;loop&quot;:&quot;yes&quot;,&quot;_ob_perspektive_use&quot;:&quot;no&quot;,&quot;_ob_poopart_use&quot;:&quot;yes&quot;,&quot;_ob_shadough_use&quot;:&quot;no&quot;,&quot;_ob_allow_hoveranimator&quot;:&quot;no&quot;,&quot;_ob_widget_stalker_use&quot;:&quot;no&quot;}\" data-widget_type=\"video.default\">\n\t\t\t\t<div class=\"elementor-widget-container\">\n\t\t\t\t\t\t\t<div class=\"e-hosted-video elementor-wrapper elementor-open-inline\">\n\t\t\t\t\t<video class=\"elementor-video\" src=\"https:\/\/brindologia.com\/wp-content\/uploads\/2022\/03\/video-promocional-1.mp4\" autoplay=\"\" loop=\"\" muted=\"muted\" playsinline=\"\" controlsList=\"nodownload\"><\/video>\n\t\t\t\t<\/div>\n\t\t\t\t\t\t<\/div>\n\t\t\t\t<\/div>\n\t\t\t\t\t<\/div>\n\t\t<\/div>\n\t\t\t\t<div class=\"elementor-column elementor-col-50 elementor-top-column elementor-element elementor-element-08f5ee6\" data-id=\"08f5ee6\" data-element_type=\"column\" data-e-type=\"column\" data-settings=\"{&quot;_ob_bbad_is_stalker&quot;:&quot;no&quot;,&quot;_ob_teleporter_use&quot;:false,&quot;_ob_column_hoveranimator&quot;:&quot;no&quot;,&quot;_ob_column_has_pseudo&quot;:&quot;no&quot;}\">\n\t\t\t<div class=\"elementor-widget-wrap elementor-element-populated\">\n\t\t\t\t\t\t<div class=\"elementor-element elementor-element-5d71585 ob-harakiri-inherit ob-has-background-overlay elementor-widget elementor-widget-text-editor\" data-id=\"5d71585\" data-element_type=\"widget\" data-e-type=\"widget\" data-settings=\"{&quot;_ob_use_harakiri&quot;:&quot;yes&quot;,&quot;_ob_harakiri_writing_mode&quot;:&quot;inherit&quot;,&quot;_ob_postman_use&quot;:&quot;no&quot;,&quot;_ob_perspektive_use&quot;:&quot;no&quot;,&quot;_ob_poopart_use&quot;:&quot;yes&quot;,&quot;_ob_shadough_use&quot;:&quot;no&quot;,&quot;_ob_allow_hoveranimator&quot;:&quot;no&quot;,&quot;_ob_widget_stalker_use&quot;:&quot;no&quot;}\" data-widget_type=\"text-editor.default\">\n\t\t\t\t<div class=\"elementor-widget-container\">\n\t\t\t\t\t\t\t\t\t<p>Brindologia est n\u00e9e de la n\u00e9cessit\u00e9 de cr\u00e9er un concept qui regroupe tous les processus en interne, en valorisant les <strong>initiatives \u00e9cologiques<\/strong> et le <strong>Made In Portugal<\/strong>.<\/p>\n\t\t\t\t\t\t\t\t<\/div>\n\t\t\t\t<\/div>\n\t\t\t\t\t<\/div>\n\t\t<\/div>\n\t\t\t\t\t<\/div>\n\t\t<\/section>\n\t\t\t\t<section class=\"ob-is-breaking-bad elementor-section elementor-top-section elementor-element elementor-element-a4fead5 elementor-section-boxed elementor-section-height-default elementor-section-height-default\" data-id=\"a4fead5\" data-element_type=\"section\" data-e-type=\"section\" data-settings=\"{&quot;background_background&quot;:&quot;classic&quot;,&quot;jet_parallax_layout_list&quot;:[],&quot;_ob_bbad_use_it&quot;:&quot;yes&quot;,&quot;_ob_bbad_sssic_use&quot;:&quot;no&quot;,&quot;_ob_glider_is_slider&quot;:&quot;no&quot;}\">\n\t\t\t\t\t\t<div class=\"elementor-container elementor-column-gap-no\">\n\t\t\t\t\t<div class=\"elementor-column elementor-col-50 elementor-top-column elementor-element elementor-element-5cacc85\" data-id=\"5cacc85\" data-element_type=\"column\" data-e-type=\"column\" data-settings=\"{&quot;_ob_bbad_is_stalker&quot;:&quot;no&quot;,&quot;_ob_teleporter_use&quot;:false,&quot;_ob_column_hoveranimator&quot;:&quot;no&quot;,&quot;_ob_column_has_pseudo&quot;:&quot;no&quot;}\">\n\t\t\t<div class=\"elementor-widget-wrap elementor-element-populated\">\n\t\t\t\t\t\t<div class=\"elementor-element elementor-element-44c8518 ob-harakiri-inherit ob-has-background-overlay elementor-widget elementor-widget-text-editor\" data-id=\"44c8518\" data-element_type=\"widget\" data-e-type=\"widget\" data-settings=\"{&quot;_ob_use_harakiri&quot;:&quot;yes&quot;,&quot;_ob_harakiri_writing_mode&quot;:&quot;inherit&quot;,&quot;_ob_postman_use&quot;:&quot;no&quot;,&quot;_ob_perspektive_use&quot;:&quot;no&quot;,&quot;_ob_poopart_use&quot;:&quot;yes&quot;,&quot;_ob_shadough_use&quot;:&quot;no&quot;,&quot;_ob_allow_hoveranimator&quot;:&quot;no&quot;,&quot;_ob_widget_stalker_use&quot;:&quot;no&quot;}\" data-widget_type=\"text-editor.default\">\n\t\t\t\t<div class=\"elementor-widget-container\">\n\t\t\t\t\t\t\t\t\t<div class=\"page\" title=\"Page 1\">\n<div class=\"layoutArea\">\n<div class=\"column\">\n<p>Nous sommes une entreprise B2B ax\u00e9e sur le march\u00e9 du <strong>merchandising<\/strong> qui cr\u00e9e des options nationales, en respectant et en renfor\u00e7ant l&rsquo;identit\u00e9 et la communication des marques.<\/p>\n<p>Nous pr\u00e9sentons une vari\u00e9t\u00e9 de solutions Made In Portugal <strong>adapt\u00e9es aux besoins de nos clients<\/strong>, \u00e0 savoir notre propre ligne de production d&rsquo;articles sur mesure avec quatre cat\u00e9gories de mat\u00e9riaux respectueux de l&rsquo;environnement.<\/p>\n<\/div>\n<\/div>\n<\/div>\n\t\t\t\t\t\t\t\t<\/div>\n\t\t\t\t<\/div>\n\t\t\t\t\t<\/div>\n\t\t<\/div>\n\t\t\t\t<div class=\"elementor-column elementor-col-50 elementor-top-column elementor-element elementor-element-36cfa9d\" data-id=\"36cfa9d\" data-element_type=\"column\" data-e-type=\"column\" data-settings=\"{&quot;_ob_bbad_is_stalker&quot;:&quot;no&quot;,&quot;_ob_teleporter_use&quot;:false,&quot;_ob_column_hoveranimator&quot;:&quot;no&quot;,&quot;_ob_column_has_pseudo&quot;:&quot;no&quot;}\">\n\t\t\t<div class=\"elementor-widget-wrap elementor-element-populated\">\n\t\t\t\t\t\t<div class=\"elementor-element elementor-element-b1bc4bc ob-has-background-overlay elementor-widget elementor-widget-image\" data-id=\"b1bc4bc\" data-element_type=\"widget\" data-e-type=\"widget\" data-settings=\"{&quot;motion_fx_motion_fx_scrolling&quot;:&quot;yes&quot;,&quot;_ob_photomorph_use&quot;:&quot;no&quot;,&quot;_ob_perspektive_use&quot;:&quot;no&quot;,&quot;motion_fx_devices&quot;:[&quot;desktop&quot;,&quot;tablet&quot;,&quot;mobile&quot;],&quot;_ob_poopart_use&quot;:&quot;yes&quot;,&quot;_ob_shadough_use&quot;:&quot;no&quot;,&quot;_ob_allow_hoveranimator&quot;:&quot;no&quot;,&quot;_ob_widget_stalker_use&quot;:&quot;no&quot;}\" data-widget_type=\"image.default\">\n\t\t\t\t<div class=\"elementor-widget-container\">\n\t\t\t\t\t\t\t\t\t\t\t\t\t\t\t<img fetchpriority=\"high\" decoding=\"async\" width=\"498\" height=\"621\" src=\"https:\/\/brindologia.com\/wp-content\/uploads\/2022\/07\/logo-vertical-01.jpg\" class=\"attachment-large size-large wp-image-4852\" alt=\"\" srcset=\"https:\/\/brindologia.com\/wp-content\/uploads\/2022\/07\/logo-vertical-01.jpg 498w, https:\/\/brindologia.com\/wp-content\/uploads\/2022\/07\/logo-vertical-01-241x300.jpg 241w\" sizes=\"(max-width: 498px) 100vw, 498px\" \/>\t\t\t\t\t\t\t\t\t\t\t\t\t\t\t<\/div>\n\t\t\t\t<\/div>\n\t\t\t\t\t<\/div>\n\t\t<\/div>\n\t\t\t\t\t<\/div>\n\t\t<\/section>\n\t\t\t\t<\/div>\n\t\t","protected":false},"excerpt":{"rendered":"<p>https:\/\/brindologia.com\/wp-content\/uploads\/2022\/03\/video-promocional-1.mp4 Brindologia est n\u00e9e de la n\u00e9cessit\u00e9 de cr\u00e9er un concept qui regroupe tous les processus en interne, en valorisant les initiatives \u00e9cologiques et le Made In Portugal. Nous sommes une entreprise B2B ax\u00e9e sur le march\u00e9 du merchandising qui cr\u00e9e des options nationales, en respectant et en renfor\u00e7ant l&rsquo;identit\u00e9 et la communication des marques. [&hellip;]<\/p>\n","protected":false},"author":1,"featured_media":4845,"parent":2287,"menu_order":0,"comment_status":"closed","ping_status":"closed","template":"","meta":{"footnotes":""},"class_list":["post-2288","page","type-page","status-publish","has-post-thumbnail","hentry"],"yoast_head":"<!-- This site is optimized with the Yoast SEO plugin v26.9 - https:\/\/yoast.com\/product\/yoast-seo-wordpress\/ -->\n<title>Qui Nous Sommes - Brindologia<\/title>\n<meta name=\"description\" content=\"Brindologia est n\u00e9e de la n\u00e9cessit\u00e9 de cr\u00e9er un concept qui regroupe tous les processus en interne, en valorisant les initiatives \u00e9cologiques et le Made In Portugal.\" \/>\n<meta name=\"robots\" content=\"index, follow, max-snippet:-1, max-image-preview:large, max-video-preview:-1\" \/>\n<link rel=\"canonical\" href=\"https:\/\/brindologia.com\/fr\/a-propos-de-nous\/qui-nous-sommes\/\" \/>\n<meta property=\"og:locale\" content=\"fr_FR\" \/>\n<meta property=\"og:type\" content=\"article\" \/>\n<meta property=\"og:title\" content=\"Qui Nous Sommes - Brindologia\" \/>\n<meta property=\"og:description\" content=\"Brindologia est n\u00e9e de la n\u00e9cessit\u00e9 de cr\u00e9er un concept qui regroupe tous les processus en interne, en valorisant les initiatives \u00e9cologiques et le Made In Portugal.\" \/>\n<meta property=\"og:url\" content=\"https:\/\/brindologia.com\/fr\/a-propos-de-nous\/qui-nous-sommes\/\" \/>\n<meta property=\"og:site_name\" content=\"Brindologia\" \/>\n<meta property=\"article:publisher\" content=\"https:\/\/www.facebook.com\/Brindologia\/\" \/>\n<meta property=\"article:modified_time\" content=\"2023-03-31T11:35:07+00:00\" \/>\n<meta property=\"og:image\" content=\"https:\/\/brindologia.com\/wp-content\/uploads\/2022\/07\/pexels-kulbir-9918962-scaled.jpg\" \/>\n\t<meta property=\"og:image:width\" content=\"1920\" \/>\n\t<meta property=\"og:image:height\" content=\"2560\" \/>\n\t<meta property=\"og:image:type\" content=\"image\/jpeg\" \/>\n<meta name=\"twitter:card\" content=\"summary_large_image\" \/>\n<meta name=\"twitter:label1\" content=\"Dur\u00e9e de lecture estim\u00e9e\" \/>\n\t<meta name=\"twitter:data1\" content=\"1 minute\" \/>\n<script type=\"application\/ld+json\" class=\"yoast-schema-graph\">{\"@context\":\"https:\/\/schema.org\",\"@graph\":[{\"@type\":\"WebPage\",\"@id\":\"https:\/\/brindologia.com\/fr\/a-propos-de-nous\/qui-nous-sommes\/\",\"url\":\"https:\/\/brindologia.com\/fr\/a-propos-de-nous\/qui-nous-sommes\/\",\"name\":\"Qui Nous Sommes - Brindologia\",\"isPartOf\":{\"@id\":\"https:\/\/new.brindologia.com\/fr\/#website\"},\"primaryImageOfPage\":{\"@id\":\"https:\/\/brindologia.com\/fr\/a-propos-de-nous\/qui-nous-sommes\/#primaryimage\"},\"image\":{\"@id\":\"https:\/\/brindologia.com\/fr\/a-propos-de-nous\/qui-nous-sommes\/#primaryimage\"},\"thumbnailUrl\":\"https:\/\/brindologia.com\/wp-content\/uploads\/2022\/07\/pexels-kulbir-9918962-scaled.jpg\",\"datePublished\":\"2022-01-17T17:53:06+00:00\",\"dateModified\":\"2023-03-31T11:35:07+00:00\",\"description\":\"Brindologia est n\u00e9e de la n\u00e9cessit\u00e9 de cr\u00e9er un concept qui regroupe tous les processus en interne, en valorisant les initiatives \u00e9cologiques et le Made In Portugal.\",\"breadcrumb\":{\"@id\":\"https:\/\/brindologia.com\/fr\/a-propos-de-nous\/qui-nous-sommes\/#breadcrumb\"},\"inLanguage\":\"fr-FR\",\"potentialAction\":[{\"@type\":\"ReadAction\",\"target\":[\"https:\/\/brindologia.com\/fr\/a-propos-de-nous\/qui-nous-sommes\/\"]}]},{\"@type\":\"ImageObject\",\"inLanguage\":\"fr-FR\",\"@id\":\"https:\/\/brindologia.com\/fr\/a-propos-de-nous\/qui-nous-sommes\/#primaryimage\",\"url\":\"https:\/\/brindologia.com\/wp-content\/uploads\/2022\/07\/pexels-kulbir-9918962-scaled.jpg\",\"contentUrl\":\"https:\/\/brindologia.com\/wp-content\/uploads\/2022\/07\/pexels-kulbir-9918962-scaled.jpg\",\"width\":1920,\"height\":2560},{\"@type\":\"BreadcrumbList\",\"@id\":\"https:\/\/brindologia.com\/fr\/a-propos-de-nous\/qui-nous-sommes\/#breadcrumb\",\"itemListElement\":[{\"@type\":\"ListItem\",\"position\":1,\"name\":\"In\u00edcio\",\"item\":\"https:\/\/brindologia.com\/fr\/home-page\/\"},{\"@type\":\"ListItem\",\"position\":2,\"name\":\"\u00c0 Propos de Nous\",\"item\":\"https:\/\/brindologia.com\/fr\/a-propos-de-nous\/\"},{\"@type\":\"ListItem\",\"position\":3,\"name\":\"Qui Nous Sommes\"}]},{\"@type\":\"WebSite\",\"@id\":\"https:\/\/new.brindologia.com\/fr\/#website\",\"url\":\"https:\/\/new.brindologia.com\/fr\/\",\"name\":\"Brindologia\",\"description\":\"Merchandising Made In Portugal \u00e0 medida\",\"publisher\":{\"@id\":\"https:\/\/new.brindologia.com\/fr\/#organization\"},\"alternateName\":\"Brindologia\",\"potentialAction\":[{\"@type\":\"SearchAction\",\"target\":{\"@type\":\"EntryPoint\",\"urlTemplate\":\"https:\/\/new.brindologia.com\/fr\/?s={search_term_string}\"},\"query-input\":{\"@type\":\"PropertyValueSpecification\",\"valueRequired\":true,\"valueName\":\"search_term_string\"}}],\"inLanguage\":\"fr-FR\"},{\"@type\":\"Organization\",\"@id\":\"https:\/\/new.brindologia.com\/fr\/#organization\",\"name\":\"Brindologia\",\"alternateName\":\"Brindologia, Unipessoal Lda\",\"url\":\"https:\/\/new.brindologia.com\/fr\/\",\"logo\":{\"@type\":\"ImageObject\",\"inLanguage\":\"fr-FR\",\"@id\":\"https:\/\/new.brindologia.com\/fr\/#\/schema\/logo\/image\/\",\"url\":\"https:\/\/brindologia.com\/wp-content\/uploads\/2021\/11\/logo_brindologia.svg\",\"contentUrl\":\"https:\/\/brindologia.com\/wp-content\/uploads\/2021\/11\/logo_brindologia.svg\",\"width\":218,\"height\":78,\"caption\":\"Brindologia\"},\"image\":{\"@id\":\"https:\/\/new.brindologia.com\/fr\/#\/schema\/logo\/image\/\"},\"sameAs\":[\"https:\/\/www.facebook.com\/Brindologia\/\",\"https:\/\/www.instagram.com\/brindologia\/\",\"https:\/\/www.linkedin.com\/company\/brindologia\/\"]}]}<\/script>\n<!-- \/ Yoast SEO plugin. -->","yoast_head_json":{"title":"Qui Nous Sommes - Brindologia","description":"Brindologia est n\u00e9e de la n\u00e9cessit\u00e9 de cr\u00e9er un concept qui regroupe tous les processus en interne, en valorisant les initiatives \u00e9cologiques et le Made In Portugal.","robots":{"index":"index","follow":"follow","max-snippet":"max-snippet:-1","max-image-preview":"max-image-preview:large","max-video-preview":"max-video-preview:-1"},"canonical":"https:\/\/brindologia.com\/fr\/a-propos-de-nous\/qui-nous-sommes\/","og_locale":"fr_FR","og_type":"article","og_title":"Qui Nous Sommes - Brindologia","og_description":"Brindologia est n\u00e9e de la n\u00e9cessit\u00e9 de cr\u00e9er un concept qui regroupe tous les processus en interne, en valorisant les initiatives \u00e9cologiques et le Made In Portugal.","og_url":"https:\/\/brindologia.com\/fr\/a-propos-de-nous\/qui-nous-sommes\/","og_site_name":"Brindologia","article_publisher":"https:\/\/www.facebook.com\/Brindologia\/","article_modified_time":"2023-03-31T11:35:07+00:00","og_image":[{"width":1920,"height":2560,"url":"https:\/\/brindologia.com\/wp-content\/uploads\/2022\/07\/pexels-kulbir-9918962-scaled.jpg","type":"image\/jpeg"}],"twitter_card":"summary_large_image","twitter_misc":{"Dur\u00e9e de lecture estim\u00e9e":"1 minute"},"schema":{"@context":"https:\/\/schema.org","@graph":[{"@type":"WebPage","@id":"https:\/\/brindologia.com\/fr\/a-propos-de-nous\/qui-nous-sommes\/","url":"https:\/\/brindologia.com\/fr\/a-propos-de-nous\/qui-nous-sommes\/","name":"Qui Nous Sommes - Brindologia","isPartOf":{"@id":"https:\/\/new.brindologia.com\/fr\/#website"},"primaryImageOfPage":{"@id":"https:\/\/brindologia.com\/fr\/a-propos-de-nous\/qui-nous-sommes\/#primaryimage"},"image":{"@id":"https:\/\/brindologia.com\/fr\/a-propos-de-nous\/qui-nous-sommes\/#primaryimage"},"thumbnailUrl":"https:\/\/brindologia.com\/wp-content\/uploads\/2022\/07\/pexels-kulbir-9918962-scaled.jpg","datePublished":"2022-01-17T17:53:06+00:00","dateModified":"2023-03-31T11:35:07+00:00","description":"Brindologia est n\u00e9e de la n\u00e9cessit\u00e9 de cr\u00e9er un concept qui regroupe tous les processus en interne, en valorisant les initiatives \u00e9cologiques et le Made In Portugal.","breadcrumb":{"@id":"https:\/\/brindologia.com\/fr\/a-propos-de-nous\/qui-nous-sommes\/#breadcrumb"},"inLanguage":"fr-FR","potentialAction":[{"@type":"ReadAction","target":["https:\/\/brindologia.com\/fr\/a-propos-de-nous\/qui-nous-sommes\/"]}]},{"@type":"ImageObject","inLanguage":"fr-FR","@id":"https:\/\/brindologia.com\/fr\/a-propos-de-nous\/qui-nous-sommes\/#primaryimage","url":"https:\/\/brindologia.com\/wp-content\/uploads\/2022\/07\/pexels-kulbir-9918962-scaled.jpg","contentUrl":"https:\/\/brindologia.com\/wp-content\/uploads\/2022\/07\/pexels-kulbir-9918962-scaled.jpg","width":1920,"height":2560},{"@type":"BreadcrumbList","@id":"https:\/\/brindologia.com\/fr\/a-propos-de-nous\/qui-nous-sommes\/#breadcrumb","itemListElement":[{"@type":"ListItem","position":1,"name":"In\u00edcio","item":"https:\/\/brindologia.com\/fr\/home-page\/"},{"@type":"ListItem","position":2,"name":"\u00c0 Propos de Nous","item":"https:\/\/brindologia.com\/fr\/a-propos-de-nous\/"},{"@type":"ListItem","position":3,"name":"Qui Nous Sommes"}]},{"@type":"WebSite","@id":"https:\/\/new.brindologia.com\/fr\/#website","url":"https:\/\/new.brindologia.com\/fr\/","name":"Brindologia","description":"Merchandising Made In Portugal \u00e0 medida","publisher":{"@id":"https:\/\/new.brindologia.com\/fr\/#organization"},"alternateName":"Brindologia","potentialAction":[{"@type":"SearchAction","target":{"@type":"EntryPoint","urlTemplate":"https:\/\/new.brindologia.com\/fr\/?s={search_term_string}"},"query-input":{"@type":"PropertyValueSpecification","valueRequired":true,"valueName":"search_term_string"}}],"inLanguage":"fr-FR"},{"@type":"Organization","@id":"https:\/\/new.brindologia.com\/fr\/#organization","name":"Brindologia","alternateName":"Brindologia, Unipessoal Lda","url":"https:\/\/new.brindologia.com\/fr\/","logo":{"@type":"ImageObject","inLanguage":"fr-FR","@id":"https:\/\/new.brindologia.com\/fr\/#\/schema\/logo\/image\/","url":"https:\/\/brindologia.com\/wp-content\/uploads\/2021\/11\/logo_brindologia.svg","contentUrl":"https:\/\/brindologia.com\/wp-content\/uploads\/2021\/11\/logo_brindologia.svg","width":218,"height":78,"caption":"Brindologia"},"image":{"@id":"https:\/\/new.brindologia.com\/fr\/#\/schema\/logo\/image\/"},"sameAs":["https:\/\/www.facebook.com\/Brindologia\/","https:\/\/www.instagram.com\/brindologia\/","https:\/\/www.linkedin.com\/company\/brindologia\/"]}]}},"_links":{"self":[{"href":"https:\/\/brindologia.com\/fr\/wp-json\/wp\/v2\/pages\/2288","targetHints":{"allow":["GET"]}}],"collection":[{"href":"https:\/\/brindologia.com\/fr\/wp-json\/wp\/v2\/pages"}],"about":[{"href":"https:\/\/brindologia.com\/fr\/wp-json\/wp\/v2\/types\/page"}],"author":[{"embeddable":true,"href":"https:\/\/brindologia.com\/fr\/wp-json\/wp\/v2\/users\/1"}],"replies":[{"embeddable":true,"href":"https:\/\/brindologia.com\/fr\/wp-json\/wp\/v2\/comments?post=2288"}],"version-history":[{"count":4,"href":"https:\/\/brindologia.com\/fr\/wp-json\/wp\/v2\/pages\/2288\/revisions"}],"predecessor-version":[{"id":9064,"href":"https:\/\/brindologia.com\/fr\/wp-json\/wp\/v2\/pages\/2288\/revisions\/9064"}],"up":[{"embeddable":true,"href":"https:\/\/brindologia.com\/fr\/wp-json\/wp\/v2\/pages\/2287"}],"wp:featuredmedia":[{"embeddable":true,"href":"https:\/\/brindologia.com\/fr\/wp-json\/wp\/v2\/media\/4845"}],"wp:attachment":[{"href":"https:\/\/brindologia.com\/fr\/wp-json\/wp\/v2\/media?parent=2288"}],"curies":[{"name":"wp","href":"https:\/\/api.w.org\/{rel}","templated":true}]}}