{"id":2336,"date":"2022-01-17T19:55:07","date_gmt":"2022-01-17T19:55:07","guid":{"rendered":"https:\/\/brindes.weturnon.pt\/partenaires-clients\/"},"modified":"2023-03-29T11:28:16","modified_gmt":"2023-03-29T11:28:16","slug":"partenaires-clients","status":"publish","type":"page","link":"https:\/\/brindologia.com\/fr\/partenaires-clients\/","title":{"rendered":"Partenaires &amp; Clients"},"content":{"rendered":"\t\t<div data-elementor-type=\"wp-page\" data-elementor-id=\"2336\" class=\"elementor elementor-2336 elementor-27\" data-elementor-post-type=\"page\">\n\t\t\t\t\t\t<section class=\"ob-is-breaking-bad elementor-section elementor-top-section elementor-element elementor-element-1c5075c elementor-section-boxed elementor-section-height-default elementor-section-height-default\" data-id=\"1c5075c\" data-element_type=\"section\" data-e-type=\"section\" data-settings=\"{&quot;jet_parallax_layout_list&quot;:[],&quot;_ob_bbad_use_it&quot;:&quot;yes&quot;,&quot;_ob_bbad_sssic_use&quot;:&quot;no&quot;,&quot;_ob_glider_is_slider&quot;:&quot;no&quot;}\">\n\t\t\t\t\t\t<div class=\"elementor-container elementor-column-gap-default\">\n\t\t\t\t\t<div class=\"elementor-column elementor-col-100 elementor-top-column elementor-element elementor-element-7333745\" data-id=\"7333745\" data-element_type=\"column\" data-e-type=\"column\" data-settings=\"{&quot;_ob_bbad_is_stalker&quot;:&quot;no&quot;,&quot;_ob_teleporter_use&quot;:false,&quot;_ob_column_hoveranimator&quot;:&quot;no&quot;,&quot;_ob_column_has_pseudo&quot;:&quot;no&quot;}\">\n\t\t\t<div class=\"elementor-widget-wrap elementor-element-populated\">\n\t\t\t\t\t\t<div class=\"elementor-element elementor-element-39e8faa ob-harakiri-inherit ob-has-background-overlay elementor-widget elementor-widget-heading\" data-id=\"39e8faa\" data-element_type=\"widget\" data-e-type=\"widget\" data-settings=\"{&quot;_ob_use_harakiri&quot;:&quot;yes&quot;,&quot;_ob_harakiri_writing_mode&quot;:&quot;inherit&quot;,&quot;_ob_harakiri_text_clip&quot;:&quot;none&quot;,&quot;_ob_perspektive_use&quot;:&quot;no&quot;,&quot;_ob_poopart_use&quot;:&quot;yes&quot;,&quot;_ob_shadough_use&quot;:&quot;no&quot;,&quot;_ob_allow_hoveranimator&quot;:&quot;no&quot;,&quot;_ob_widget_stalker_use&quot;:&quot;no&quot;}\" data-widget_type=\"heading.default\">\n\t\t\t\t<div class=\"elementor-widget-container\">\n\t\t\t\t\t<h2 class=\"elementor-heading-title elementor-size-default\">\"All of your customers are partners in your mission\"<\/h2>\t\t\t\t<\/div>\n\t\t\t\t<\/div>\n\t\t\t\t<div class=\"elementor-element elementor-element-3fe0a0e ob-harakiri-inherit ob-has-background-overlay elementor-widget elementor-widget-heading\" data-id=\"3fe0a0e\" data-element_type=\"widget\" data-e-type=\"widget\" data-settings=\"{&quot;_ob_use_harakiri&quot;:&quot;yes&quot;,&quot;_ob_harakiri_writing_mode&quot;:&quot;inherit&quot;,&quot;_ob_harakiri_text_clip&quot;:&quot;none&quot;,&quot;_ob_perspektive_use&quot;:&quot;no&quot;,&quot;_ob_poopart_use&quot;:&quot;yes&quot;,&quot;_ob_shadough_use&quot;:&quot;no&quot;,&quot;_ob_allow_hoveranimator&quot;:&quot;no&quot;,&quot;_ob_widget_stalker_use&quot;:&quot;no&quot;}\" data-widget_type=\"heading.default\">\n\t\t\t\t<div class=\"elementor-widget-container\">\n\t\t\t\t\t<h2 class=\"elementor-heading-title elementor-size-default\">- Shep Hy ken -<\/h2>\t\t\t\t<\/div>\n\t\t\t\t<\/div>\n\t\t\t\t\t<\/div>\n\t\t<\/div>\n\t\t\t\t\t<\/div>\n\t\t<\/section>\n\t\t\t\t<section class=\"ob-is-breaking-bad elementor-section elementor-top-section elementor-element elementor-element-0a05ec2 elementor-section-boxed elementor-section-height-default elementor-section-height-default\" data-id=\"0a05ec2\" data-element_type=\"section\" data-e-type=\"section\" data-settings=\"{&quot;jet_parallax_layout_list&quot;:[],&quot;_ob_bbad_use_it&quot;:&quot;yes&quot;,&quot;_ob_bbad_sssic_use&quot;:&quot;no&quot;,&quot;_ob_glider_is_slider&quot;:&quot;no&quot;}\">\n\t\t\t\t\t\t<div class=\"elementor-container elementor-column-gap-default\">\n\t\t\t\t\t<div class=\"elementor-column elementor-col-50 elementor-top-column elementor-element elementor-element-b8474ef\" data-id=\"b8474ef\" data-element_type=\"column\" data-e-type=\"column\" data-settings=\"{&quot;_ob_bbad_is_stalker&quot;:&quot;no&quot;,&quot;_ob_teleporter_use&quot;:false,&quot;_ob_column_hoveranimator&quot;:&quot;no&quot;,&quot;_ob_column_has_pseudo&quot;:&quot;no&quot;}\">\n\t\t\t<div class=\"elementor-widget-wrap elementor-element-populated\">\n\t\t\t\t\t\t<div class=\"elementor-element elementor-element-c9b49ec ob-harakiri-inherit ob-has-background-overlay elementor-widget elementor-widget-text-editor\" data-id=\"c9b49ec\" data-element_type=\"widget\" data-e-type=\"widget\" data-settings=\"{&quot;_ob_use_harakiri&quot;:&quot;yes&quot;,&quot;_ob_harakiri_writing_mode&quot;:&quot;inherit&quot;,&quot;_ob_postman_use&quot;:&quot;no&quot;,&quot;_ob_perspektive_use&quot;:&quot;no&quot;,&quot;_ob_poopart_use&quot;:&quot;yes&quot;,&quot;_ob_shadough_use&quot;:&quot;no&quot;,&quot;_ob_allow_hoveranimator&quot;:&quot;no&quot;,&quot;_ob_widget_stalker_use&quot;:&quot;no&quot;}\" data-widget_type=\"text-editor.default\">\n\t\t\t\t<div class=\"elementor-widget-container\">\n\t\t\t\t\t\t\t\t\t<p>Nous pensons qu &lsquo; avec le soutien d&rsquo; un bon r\u00e9seau de partenaires et de clients, nous atteindrons nos objectifs. Pour cette raison, nous cherchons constament \u00e0 cr\u00e9er de nouveaux produits et de nos adapter aux nouveaux besoins de nos clients.<\/p>\n<p>Nous sommes situ\u00e9s dans la zone industrielle plus importantes du Portugal et nous avons autour de nous un large \u00e9ventail de fournisseurs et de partenaires. Cela nous permet d&rsquo; obtenir les meilleures mati\u00e8res premi\u00e8res en peu de temps et \u00e0 porter de mains<\/p>\n<p>Nous contribuons ainsi \u00e0 r\u00e9duire notre empreinte \u00e9cologique et \u00e0 prot\u00e9ger l&rsquo; environnement.<\/p>\n\t\t\t\t\t\t\t\t<\/div>\n\t\t\t\t<\/div>\n\t\t\t\t\t<\/div>\n\t\t<\/div>\n\t\t\t\t<div class=\"elementor-column elementor-col-50 elementor-top-column elementor-element elementor-element-dfb20ee\" data-id=\"dfb20ee\" data-element_type=\"column\" data-e-type=\"column\" data-settings=\"{&quot;_ob_bbad_is_stalker&quot;:&quot;no&quot;,&quot;_ob_teleporter_use&quot;:false,&quot;_ob_column_hoveranimator&quot;:&quot;no&quot;,&quot;_ob_column_has_pseudo&quot;:&quot;no&quot;}\">\n\t\t\t<div class=\"elementor-widget-wrap elementor-element-populated\">\n\t\t\t\t\t\t<div class=\"elementor-element elementor-element-42d0b11 elementor--h-position-center elementor--v-position-middle ob-has-background-overlay elementor-widget elementor-widget-slides\" data-id=\"42d0b11\" data-element_type=\"widget\" data-e-type=\"widget\" data-settings=\"{&quot;navigation&quot;:&quot;none&quot;,&quot;transition&quot;:&quot;fade&quot;,&quot;autoplay_speed&quot;:2000,&quot;autoplay&quot;:&quot;yes&quot;,&quot;pause_on_hover&quot;:&quot;yes&quot;,&quot;pause_on_interaction&quot;:&quot;yes&quot;,&quot;infinite&quot;:&quot;yes&quot;,&quot;transition_speed&quot;:500,&quot;_ob_perspektive_use&quot;:&quot;no&quot;,&quot;_ob_poopart_use&quot;:&quot;yes&quot;,&quot;_ob_shadough_use&quot;:&quot;no&quot;,&quot;_ob_allow_hoveranimator&quot;:&quot;no&quot;,&quot;_ob_widget_stalker_use&quot;:&quot;no&quot;}\" data-widget_type=\"slides.default\">\n\t\t\t\t<div class=\"elementor-widget-container\">\n\t\t\t\t\t\t\t\t\t<div class=\"elementor-swiper\">\n\t\t\t\t\t<div class=\"elementor-slides-wrapper elementor-main-swiper swiper\" role=\"region\" aria-roledescription=\"carousel\" aria-label=\"Diapositives\" dir=\"ltr\" data-animation=\"fadeInUp\">\n\t\t\t\t<div class=\"swiper-wrapper elementor-slides\">\n\t\t\t\t\t\t\t\t\t\t<div class=\"elementor-repeater-item-88de952 swiper-slide\" role=\"group\" aria-roledescription=\"slide\"><div class=\"swiper-slide-bg\" role=\"img\" aria-label=\"IMG_6043_header\"><\/div><div class=\"swiper-slide-inner\" ><div class=\"swiper-slide-contents\"><\/div><\/div><\/div><div class=\"elementor-repeater-item-c2d7a61 swiper-slide\" role=\"group\" aria-roledescription=\"slide\"><div class=\"swiper-slide-bg\" role=\"img\" aria-label=\"Parceiros_2\"><\/div><div class=\"swiper-slide-inner\" ><div class=\"swiper-slide-contents\"><\/div><\/div><\/div><div class=\"elementor-repeater-item-de89f23 swiper-slide\" role=\"group\" aria-roledescription=\"slide\"><div class=\"swiper-slide-bg\" role=\"img\" aria-label=\"Instala\u00e7\u00f5es_5\"><\/div><div class=\"swiper-slide-inner\" ><div class=\"swiper-slide-contents\"><\/div><\/div><\/div>\t\t\t\t<\/div>\n\t\t\t\t\t\t\t\t\t\t\t\t\t\t\t\t\t\t\t\t\t<\/div>\n\t\t\t\t<\/div>\n\t\t\t\t\t\t\t\t<\/div>\n\t\t\t\t<\/div>\n\t\t\t\t<div class=\"elementor-element elementor-element-8cdcf82 ob-has-background-overlay elementor-widget elementor-widget-image\" data-id=\"8cdcf82\" data-element_type=\"widget\" data-e-type=\"widget\" data-settings=\"{&quot;motion_fx_motion_fx_scrolling&quot;:&quot;yes&quot;,&quot;motion_fx_translateX_effect&quot;:&quot;yes&quot;,&quot;motion_fx_translateX_direction&quot;:&quot;negative&quot;,&quot;motion_fx_translateX_speed&quot;:{&quot;unit&quot;:&quot;px&quot;,&quot;size&quot;:0.5,&quot;sizes&quot;:[]},&quot;_ob_photomorph_use&quot;:&quot;no&quot;,&quot;_ob_perspektive_use&quot;:&quot;no&quot;,&quot;motion_fx_translateX_affectedRange&quot;:{&quot;unit&quot;:&quot;%&quot;,&quot;size&quot;:&quot;&quot;,&quot;sizes&quot;:{&quot;start&quot;:0,&quot;end&quot;:100}},&quot;motion_fx_devices&quot;:[&quot;desktop&quot;,&quot;tablet&quot;,&quot;mobile&quot;],&quot;_ob_poopart_use&quot;:&quot;yes&quot;,&quot;_ob_shadough_use&quot;:&quot;no&quot;,&quot;_ob_allow_hoveranimator&quot;:&quot;no&quot;,&quot;_ob_widget_stalker_use&quot;:&quot;no&quot;}\" data-widget_type=\"image.default\">\n\t\t\t\t<div class=\"elementor-widget-container\">\n\t\t\t\t\t\t\t\t\t\t\t\t\t\t\t<img fetchpriority=\"high\" decoding=\"async\" width=\"749\" height=\"1024\" src=\"https:\/\/brindologia.com\/wp-content\/uploads\/2021\/11\/Ativo-55.svg\" class=\"attachment-large size-large wp-image-1782\" alt=\"\" \/>\t\t\t\t\t\t\t\t\t\t\t\t\t\t\t<\/div>\n\t\t\t\t<\/div>\n\t\t\t\t\t<\/div>\n\t\t<\/div>\n\t\t\t\t\t<\/div>\n\t\t<\/section>\n\t\t\t\t<\/div>\n\t\t","protected":false},"excerpt":{"rendered":"<p>\u00ab\u00a0All of your customers are partners in your mission\u00a0\u00bb &#8211; Shep Hy ken &#8211; Nous pensons qu &lsquo; avec le soutien d&rsquo; un bon r\u00e9seau de partenaires et de clients, nous atteindrons nos objectifs. Pour cette raison, nous cherchons constament \u00e0 cr\u00e9er de nouveaux produits et de nos adapter aux nouveaux besoins de nos clients. [&hellip;]<\/p>\n","protected":false},"author":1,"featured_media":4945,"parent":0,"menu_order":0,"comment_status":"closed","ping_status":"closed","template":"","meta":{"footnotes":""},"class_list":["post-2336","page","type-page","status-publish","has-post-thumbnail","hentry"],"yoast_head":"<!-- This site is optimized with the Yoast SEO plugin v26.9 - https:\/\/yoast.com\/product\/yoast-seo-wordpress\/ -->\n<title>Partenaires &amp; Clients - Brindologia<\/title>\n<meta name=\"description\" content=\"Nous pensons qu \u2018 avec le soutien d\u2019 un bon r\u00e9seau de partenaires et de clients, nous atteindrons nos objectifs. Pour cette raison, nous cherchons constament \u00e0 cr\u00e9er de nouveaux produits et de nos adapter aux nouveaux besoins de nos clients.\" \/>\n<meta name=\"robots\" content=\"index, follow, max-snippet:-1, max-image-preview:large, max-video-preview:-1\" \/>\n<link rel=\"canonical\" href=\"https:\/\/brindologia.com\/fr\/partenaires-clients\/\" \/>\n<meta property=\"og:locale\" content=\"fr_FR\" \/>\n<meta property=\"og:type\" content=\"article\" \/>\n<meta property=\"og:title\" content=\"Partenaires &amp; Clients - Brindologia\" \/>\n<meta property=\"og:description\" content=\"Nous pensons qu \u2018 avec le soutien d\u2019 un bon r\u00e9seau de partenaires et de clients, nous atteindrons nos objectifs. Pour cette raison, nous cherchons constament \u00e0 cr\u00e9er de nouveaux produits et de nos adapter aux nouveaux besoins de nos clients.\" \/>\n<meta property=\"og:url\" content=\"https:\/\/brindologia.com\/fr\/partenaires-clients\/\" \/>\n<meta property=\"og:site_name\" content=\"Brindologia\" \/>\n<meta property=\"article:publisher\" content=\"https:\/\/www.facebook.com\/Brindologia\/\" \/>\n<meta property=\"article:modified_time\" content=\"2023-03-29T11:28:16+00:00\" \/>\n<meta property=\"og:image\" content=\"https:\/\/brindologia.com\/wp-content\/uploads\/2022\/07\/pexels-kulbir-10220774-scaled.jpg\" \/>\n\t<meta property=\"og:image:width\" content=\"2208\" \/>\n\t<meta property=\"og:image:height\" content=\"2560\" \/>\n\t<meta property=\"og:image:type\" content=\"image\/jpeg\" \/>\n<meta name=\"twitter:card\" content=\"summary_large_image\" \/>\n<meta name=\"twitter:label1\" content=\"Dur\u00e9e de lecture estim\u00e9e\" \/>\n\t<meta name=\"twitter:data1\" content=\"1 minute\" \/>\n<script type=\"application\/ld+json\" class=\"yoast-schema-graph\">{\"@context\":\"https:\/\/schema.org\",\"@graph\":[{\"@type\":\"WebPage\",\"@id\":\"https:\/\/brindologia.com\/fr\/partenaires-clients\/\",\"url\":\"https:\/\/brindologia.com\/fr\/partenaires-clients\/\",\"name\":\"Partenaires &amp; Clients - Brindologia\",\"isPartOf\":{\"@id\":\"https:\/\/new.brindologia.com\/fr\/#website\"},\"primaryImageOfPage\":{\"@id\":\"https:\/\/brindologia.com\/fr\/partenaires-clients\/#primaryimage\"},\"image\":{\"@id\":\"https:\/\/brindologia.com\/fr\/partenaires-clients\/#primaryimage\"},\"thumbnailUrl\":\"https:\/\/brindologia.com\/wp-content\/uploads\/2022\/07\/pexels-kulbir-10220774-scaled.jpg\",\"datePublished\":\"2022-01-17T19:55:07+00:00\",\"dateModified\":\"2023-03-29T11:28:16+00:00\",\"description\":\"Nous pensons qu \u2018 avec le soutien d\u2019 un bon r\u00e9seau de partenaires et de clients, nous atteindrons nos objectifs. Pour cette raison, nous cherchons constament \u00e0 cr\u00e9er de nouveaux produits et de nos adapter aux nouveaux besoins de nos clients.\",\"breadcrumb\":{\"@id\":\"https:\/\/brindologia.com\/fr\/partenaires-clients\/#breadcrumb\"},\"inLanguage\":\"fr-FR\",\"potentialAction\":[{\"@type\":\"ReadAction\",\"target\":[\"https:\/\/brindologia.com\/fr\/partenaires-clients\/\"]}]},{\"@type\":\"ImageObject\",\"inLanguage\":\"fr-FR\",\"@id\":\"https:\/\/brindologia.com\/fr\/partenaires-clients\/#primaryimage\",\"url\":\"https:\/\/brindologia.com\/wp-content\/uploads\/2022\/07\/pexels-kulbir-10220774-scaled.jpg\",\"contentUrl\":\"https:\/\/brindologia.com\/wp-content\/uploads\/2022\/07\/pexels-kulbir-10220774-scaled.jpg\",\"width\":2208,\"height\":2560},{\"@type\":\"BreadcrumbList\",\"@id\":\"https:\/\/brindologia.com\/fr\/partenaires-clients\/#breadcrumb\",\"itemListElement\":[{\"@type\":\"ListItem\",\"position\":1,\"name\":\"In\u00edcio\",\"item\":\"https:\/\/brindologia.com\/fr\/home-page\/\"},{\"@type\":\"ListItem\",\"position\":2,\"name\":\"Partenaires &amp; Clients\"}]},{\"@type\":\"WebSite\",\"@id\":\"https:\/\/new.brindologia.com\/fr\/#website\",\"url\":\"https:\/\/new.brindologia.com\/fr\/\",\"name\":\"Brindologia\",\"description\":\"Merchandising Made In Portugal \u00e0 medida\",\"publisher\":{\"@id\":\"https:\/\/new.brindologia.com\/fr\/#organization\"},\"alternateName\":\"Brindologia\",\"potentialAction\":[{\"@type\":\"SearchAction\",\"target\":{\"@type\":\"EntryPoint\",\"urlTemplate\":\"https:\/\/new.brindologia.com\/fr\/?s={search_term_string}\"},\"query-input\":{\"@type\":\"PropertyValueSpecification\",\"valueRequired\":true,\"valueName\":\"search_term_string\"}}],\"inLanguage\":\"fr-FR\"},{\"@type\":\"Organization\",\"@id\":\"https:\/\/new.brindologia.com\/fr\/#organization\",\"name\":\"Brindologia\",\"alternateName\":\"Brindologia, Unipessoal Lda\",\"url\":\"https:\/\/new.brindologia.com\/fr\/\",\"logo\":{\"@type\":\"ImageObject\",\"inLanguage\":\"fr-FR\",\"@id\":\"https:\/\/new.brindologia.com\/fr\/#\/schema\/logo\/image\/\",\"url\":\"https:\/\/brindologia.com\/wp-content\/uploads\/2021\/11\/logo_brindologia.svg\",\"contentUrl\":\"https:\/\/brindologia.com\/wp-content\/uploads\/2021\/11\/logo_brindologia.svg\",\"width\":218,\"height\":78,\"caption\":\"Brindologia\"},\"image\":{\"@id\":\"https:\/\/new.brindologia.com\/fr\/#\/schema\/logo\/image\/\"},\"sameAs\":[\"https:\/\/www.facebook.com\/Brindologia\/\",\"https:\/\/www.instagram.com\/brindologia\/\",\"https:\/\/www.linkedin.com\/company\/brindologia\/\"]}]}<\/script>\n<!-- \/ Yoast SEO plugin. -->","yoast_head_json":{"title":"Partenaires &amp; Clients - Brindologia","description":"Nous pensons qu \u2018 avec le soutien d\u2019 un bon r\u00e9seau de partenaires et de clients, nous atteindrons nos objectifs. Pour cette raison, nous cherchons constament \u00e0 cr\u00e9er de nouveaux produits et de nos adapter aux nouveaux besoins de nos clients.","robots":{"index":"index","follow":"follow","max-snippet":"max-snippet:-1","max-image-preview":"max-image-preview:large","max-video-preview":"max-video-preview:-1"},"canonical":"https:\/\/brindologia.com\/fr\/partenaires-clients\/","og_locale":"fr_FR","og_type":"article","og_title":"Partenaires &amp; Clients - Brindologia","og_description":"Nous pensons qu \u2018 avec le soutien d\u2019 un bon r\u00e9seau de partenaires et de clients, nous atteindrons nos objectifs. Pour cette raison, nous cherchons constament \u00e0 cr\u00e9er de nouveaux produits et de nos adapter aux nouveaux besoins de nos clients.","og_url":"https:\/\/brindologia.com\/fr\/partenaires-clients\/","og_site_name":"Brindologia","article_publisher":"https:\/\/www.facebook.com\/Brindologia\/","article_modified_time":"2023-03-29T11:28:16+00:00","og_image":[{"width":2208,"height":2560,"url":"https:\/\/brindologia.com\/wp-content\/uploads\/2022\/07\/pexels-kulbir-10220774-scaled.jpg","type":"image\/jpeg"}],"twitter_card":"summary_large_image","twitter_misc":{"Dur\u00e9e de lecture estim\u00e9e":"1 minute"},"schema":{"@context":"https:\/\/schema.org","@graph":[{"@type":"WebPage","@id":"https:\/\/brindologia.com\/fr\/partenaires-clients\/","url":"https:\/\/brindologia.com\/fr\/partenaires-clients\/","name":"Partenaires &amp; Clients - Brindologia","isPartOf":{"@id":"https:\/\/new.brindologia.com\/fr\/#website"},"primaryImageOfPage":{"@id":"https:\/\/brindologia.com\/fr\/partenaires-clients\/#primaryimage"},"image":{"@id":"https:\/\/brindologia.com\/fr\/partenaires-clients\/#primaryimage"},"thumbnailUrl":"https:\/\/brindologia.com\/wp-content\/uploads\/2022\/07\/pexels-kulbir-10220774-scaled.jpg","datePublished":"2022-01-17T19:55:07+00:00","dateModified":"2023-03-29T11:28:16+00:00","description":"Nous pensons qu \u2018 avec le soutien d\u2019 un bon r\u00e9seau de partenaires et de clients, nous atteindrons nos objectifs. Pour cette raison, nous cherchons constament \u00e0 cr\u00e9er de nouveaux produits et de nos adapter aux nouveaux besoins de nos clients.","breadcrumb":{"@id":"https:\/\/brindologia.com\/fr\/partenaires-clients\/#breadcrumb"},"inLanguage":"fr-FR","potentialAction":[{"@type":"ReadAction","target":["https:\/\/brindologia.com\/fr\/partenaires-clients\/"]}]},{"@type":"ImageObject","inLanguage":"fr-FR","@id":"https:\/\/brindologia.com\/fr\/partenaires-clients\/#primaryimage","url":"https:\/\/brindologia.com\/wp-content\/uploads\/2022\/07\/pexels-kulbir-10220774-scaled.jpg","contentUrl":"https:\/\/brindologia.com\/wp-content\/uploads\/2022\/07\/pexels-kulbir-10220774-scaled.jpg","width":2208,"height":2560},{"@type":"BreadcrumbList","@id":"https:\/\/brindologia.com\/fr\/partenaires-clients\/#breadcrumb","itemListElement":[{"@type":"ListItem","position":1,"name":"In\u00edcio","item":"https:\/\/brindologia.com\/fr\/home-page\/"},{"@type":"ListItem","position":2,"name":"Partenaires &amp; Clients"}]},{"@type":"WebSite","@id":"https:\/\/new.brindologia.com\/fr\/#website","url":"https:\/\/new.brindologia.com\/fr\/","name":"Brindologia","description":"Merchandising Made In Portugal \u00e0 medida","publisher":{"@id":"https:\/\/new.brindologia.com\/fr\/#organization"},"alternateName":"Brindologia","potentialAction":[{"@type":"SearchAction","target":{"@type":"EntryPoint","urlTemplate":"https:\/\/new.brindologia.com\/fr\/?s={search_term_string}"},"query-input":{"@type":"PropertyValueSpecification","valueRequired":true,"valueName":"search_term_string"}}],"inLanguage":"fr-FR"},{"@type":"Organization","@id":"https:\/\/new.brindologia.com\/fr\/#organization","name":"Brindologia","alternateName":"Brindologia, Unipessoal Lda","url":"https:\/\/new.brindologia.com\/fr\/","logo":{"@type":"ImageObject","inLanguage":"fr-FR","@id":"https:\/\/new.brindologia.com\/fr\/#\/schema\/logo\/image\/","url":"https:\/\/brindologia.com\/wp-content\/uploads\/2021\/11\/logo_brindologia.svg","contentUrl":"https:\/\/brindologia.com\/wp-content\/uploads\/2021\/11\/logo_brindologia.svg","width":218,"height":78,"caption":"Brindologia"},"image":{"@id":"https:\/\/new.brindologia.com\/fr\/#\/schema\/logo\/image\/"},"sameAs":["https:\/\/www.facebook.com\/Brindologia\/","https:\/\/www.instagram.com\/brindologia\/","https:\/\/www.linkedin.com\/company\/brindologia\/"]}]}},"_links":{"self":[{"href":"https:\/\/brindologia.com\/fr\/wp-json\/wp\/v2\/pages\/2336","targetHints":{"allow":["GET"]}}],"collection":[{"href":"https:\/\/brindologia.com\/fr\/wp-json\/wp\/v2\/pages"}],"about":[{"href":"https:\/\/brindologia.com\/fr\/wp-json\/wp\/v2\/types\/page"}],"author":[{"embeddable":true,"href":"https:\/\/brindologia.com\/fr\/wp-json\/wp\/v2\/users\/1"}],"replies":[{"embeddable":true,"href":"https:\/\/brindologia.com\/fr\/wp-json\/wp\/v2\/comments?post=2336"}],"version-history":[{"count":5,"href":"https:\/\/brindologia.com\/fr\/wp-json\/wp\/v2\/pages\/2336\/revisions"}],"predecessor-version":[{"id":8844,"href":"https:\/\/brindologia.com\/fr\/wp-json\/wp\/v2\/pages\/2336\/revisions\/8844"}],"wp:featuredmedia":[{"embeddable":true,"href":"https:\/\/brindologia.com\/fr\/wp-json\/wp\/v2\/media\/4945"}],"wp:attachment":[{"href":"https:\/\/brindologia.com\/fr\/wp-json\/wp\/v2\/media?parent=2336"}],"curies":[{"name":"wp","href":"https:\/\/api.w.org\/{rel}","templated":true}]}}