{"id":2420,"date":"2022-01-18T12:59:49","date_gmt":"2022-01-18T12:59:49","guid":{"rendered":"https:\/\/brindes.weturnon.pt\/politique-de-confidentialite\/"},"modified":"2023-03-31T11:33:25","modified_gmt":"2023-03-31T11:33:25","slug":"politique-de-confidentialite","status":"publish","type":"page","link":"https:\/\/brindologia.com\/fr\/politique-de-confidentialite\/","title":{"rendered":"Politique de Confidentialit\u00e9"},"content":{"rendered":"\t\t<div data-elementor-type=\"wp-page\" data-elementor-id=\"2420\" class=\"elementor elementor-2420 elementor-3\" data-elementor-post-type=\"page\">\n\t\t\t\t\t\t<section class=\"ob-is-breaking-bad elementor-section elementor-top-section elementor-element elementor-element-57c79b72 elementor-section-boxed elementor-section-height-default elementor-section-height-default\" data-id=\"57c79b72\" data-element_type=\"section\" data-e-type=\"section\" data-settings=\"{&quot;jet_parallax_layout_list&quot;:[],&quot;_ob_bbad_use_it&quot;:&quot;yes&quot;,&quot;_ob_bbad_sssic_use&quot;:&quot;no&quot;,&quot;_ob_glider_is_slider&quot;:&quot;no&quot;}\">\n\t\t\t\t\t\t<div class=\"elementor-container elementor-column-gap-default\">\n\t\t\t\t\t<div class=\"elementor-column elementor-col-100 elementor-top-column elementor-element elementor-element-768602ca\" data-id=\"768602ca\" data-element_type=\"column\" data-e-type=\"column\" data-settings=\"{&quot;_ob_bbad_is_stalker&quot;:&quot;no&quot;,&quot;_ob_teleporter_use&quot;:false,&quot;_ob_column_hoveranimator&quot;:&quot;no&quot;,&quot;_ob_column_has_pseudo&quot;:&quot;no&quot;}\">\n\t\t\t<div class=\"elementor-widget-wrap elementor-element-populated\">\n\t\t\t\t\t\t<div class=\"elementor-element elementor-element-4895a600 ob-harakiri-inherit ob-has-background-overlay elementor-widget elementor-widget-text-editor\" data-id=\"4895a600\" data-element_type=\"widget\" data-e-type=\"widget\" data-settings=\"{&quot;_ob_use_harakiri&quot;:&quot;yes&quot;,&quot;_ob_harakiri_writing_mode&quot;:&quot;inherit&quot;,&quot;_ob_postman_use&quot;:&quot;no&quot;,&quot;_ob_perspektive_use&quot;:&quot;no&quot;,&quot;_ob_poopart_use&quot;:&quot;yes&quot;,&quot;_ob_shadough_use&quot;:&quot;no&quot;,&quot;_ob_allow_hoveranimator&quot;:&quot;no&quot;,&quot;_ob_widget_stalker_use&quot;:&quot;no&quot;}\" data-widget_type=\"text-editor.default\">\n\t\t\t\t<div class=\"elementor-widget-container\">\n\t\t\t\t\t\t\t\t\t<div class=\"page\" title=\"Page 1\">\n<div class=\"layoutArea\">\n<div class=\"column\">\n<p>Politique de confidentialit\u00e9, conditions g\u00e9n\u00e9rales et protection des donn\u00e9es personnelles qui r\u00e9gissent l\u2019utilisation du service du site Web <a href=\"https:\/\/brindologia.com\/?lang=fr\" target=\"_blank\" rel=\"noopener\">https:\/\/brindologia.com\/<\/a> appartenant \u00e0 la soci\u00e9t\u00e9 Brindologia Unipessoal Lda, dont le si\u00e8ge est Rua do Com\u00e9rcio 817, 4760-739 Vila Nova de Famalic\u00e3o, avec le NIF 515607673.<\/p>\n<h2>1. Introduction<\/h2>\n<p>Conform\u00e9ment aux dispositions de la loi n\u00b0 67\/98 du 26 octobre, Brindologia Unipessoal Lda respecte la vie priv\u00e9e de tous les participants et s&rsquo;efforcera de prot\u00e9ger toute information personnelle partag\u00e9e.<br>Cette politique de confidentialit\u00e9 s&rsquo;applique \u00e0 tous les utilisateurs du site Web de <a href=\"https:\/\/brindologia.com\/?lang=fr\" target=\"_blank\" rel=\"noopener\">Brindologia<\/a>, quel que soit l&rsquo;endroit o\u00f9 ils se trouvent.<\/p>\n<h2>2. Donn\u00e9es Consommateurs<\/h2>\n<p>Votre privacit\u00e9 est importante pour nous. La politique de Brindologia Unipessoal Lda est de respecter votre privacit\u00e9 en ce qui concerne toute information vous concernant que nous pouvons collecter sur le site <a href=\"https:\/\/brindologia.com\/?lang=fr\" target=\"_blank\" rel=\"noopener\">Brindologia<\/a>, et d&rsquo;autres sites Web que nous poss\u00e9dons.<\/p>\n<p>Nous collectons des donn\u00e9es automatiques, telles que le pays d&rsquo;origine, l&rsquo;adresse IP, la langue, entre autres, via des cookies.<\/p>\n<p>Nous demandons des informations personnelles, telles que le nom, l&rsquo;entreprise, l&rsquo;adresse e-mail et le num\u00e9ro de t\u00e9l\u00e9phone pour le traitement des demandes de devis et des abonnements \u00e0 la newsletter.<br>Nous le faisons par des moyens justes et l\u00e9gaux, avec votre connaissance et votre consentement.<\/p>\n<p>Lorsque nous stockons des donn\u00e9es, nous les prot\u00e9geons par des moyens commercialement acceptables pour emp\u00eacher la perte et le vol, ainsi que l&rsquo;acc\u00e8s, la divulgation, la copie, l&rsquo;utilisation ou la modification non autoris\u00e9s.<br>Nous ne partageons pas d&rsquo;informations personnellement identifiables publiquement ou avec des tiers, sauf si la loi l&rsquo;exige.<\/p>\n<h2>3. Liens externes<\/h2>\n<p>Notre site Web peut contenir des liens vers des sites Web externes que nous ne contr\u00f4lons pas. Veuillez noter que nous n&rsquo;avons aucune responsabilit\u00e9 pour le contenu et les pratiques de ces sites et ne pouvons accepter la responsabilit\u00e9 de leurs politiques de confidentialit\u00e9.<\/p>\n<\/div>\n<\/div>\n<\/div>\n<div class=\"page\" title=\"Page 2\">\n<div class=\"layoutArea\">\n<div class=\"column\">\n<h2>4. Engagement de l&rsquo;utilisateur<\/h2>\n<p>L&rsquo;utilisateur est inform\u00e9 et accepte que l&rsquo;acc\u00e8s \u00e0 ce site Web n&rsquo;implique, en aucune fa\u00e7on, une relation d&rsquo;affaires avec Brindologia Unipessoal Lda.<\/p>\n<p>Le propri\u00e9taire du site ne s&rsquo;identifie pas aux opinions exprim\u00e9es par ses collaborateurs. Brindologia Unipessoal Lda se r\u00e9serve le droit d&rsquo;effectuer, sans pr\u00e9avis, toutes les mises \u00e0 jour qu&rsquo;elle jugera appropri\u00e9es ou n\u00e9cessaires sur son site Web, et pourra modifier, supprimer ou ajouter le contenu et les services fournis.<\/p>\n<p>Votre utilisation continue de notre site Web sera consid\u00e9r\u00e9e comme une acceptation de nos pratiques en mati\u00e8re de confidentialit\u00e9 et de renseignements personnels. Si vous avez des questions sur la fa\u00e7on dont nous traitons les donn\u00e9es des utilisateurs et les informations personnelles, n\u2019 hesitez \u00e0 nous contacter.<\/p>\n<h2>5. L\u00e9gislation<\/h2>\n<p>En g\u00e9n\u00e9ral, les relations entre Brindologia Unipessoal Lda et les Utilisateurs de son site Web sont soumises \u00e0 la l\u00e9gislation et \u00e0 la juridiction portugaises en vigueur. . Les parties renoncent express\u00e9ment \u00e0 leur comp\u00e9tence et se soumettent au tribunal de district de Vila Nova de Famalic\u00e3o pour r\u00e9soudre tout litige pouvant survenir dans l&rsquo;interpr\u00e9tation ou l&rsquo;ex\u00e9cution des pr\u00e9sentes conditions contractuelles.<br>Cette politique est effective \u00e0 partir de juillet 2021.<\/p>\n<h2>6. Informations consommateurs<\/h2>\n<p>En cas de litige de consommation, le consommateur peut recourir \u00e0 l&rsquo;entit\u00e9 ADR (Alternative Consumer Dispute Resolution) suivante:<br>Centro de Arbitragem de Conflitos de Consumo do Vale do Ave<br><a href=\"http:\/\/www.triave.pt\/\" target=\"_blank\" rel=\"noopener\">http:\/\/www.triave.pt\/<\/a><\/p>\n<p>Tel: <a href=\"tel:253422410\">253 422 410<\/a><br>Email: <a href=\"mailto:triave@gmail.com\">triave@gmail.com<\/a><\/p>\n<p>Ou encore<br>Plataforma Europeia de Resoluc\u0327a\u0303o de Lit\u00edgios em Linha.<\/p>\n<p><a href=\"https:\/\/ec.europa.eu\/consumers\/odr\/main\/index.cfm?event=main.home2.show&amp;lng=PT\" target=\"_blank\" rel=\"noopener\">https:\/\/ec.europa.eu\/consumers\/odr\/main\/index.cfm?event=main.home2.show&amp;lng=PT<\/a><\/p>\n<p>Pour des mises \u00e0 jour et plus d&rsquo;informations, consultez le portail des consommateurs \u00e0 l&rsquo;adresse <a href=\"http:\/\/www.consumidor.gov.pt\" target=\"_blank\" rel=\"noopener\">www.consumidor.gov.pt<\/a> (en vertu de l&rsquo;article 18 de la loi n\u00b0 144\/2015, du 8 septembre).<\/p>\n<\/div>\n<\/div>\n<\/div>\t\t\t\t\t\t\t\t<\/div>\n\t\t\t\t<\/div>\n\t\t\t\t\t<\/div>\n\t\t<\/div>\n\t\t\t\t\t<\/div>\n\t\t<\/section>\n\t\t\t\t<\/div>\n\t\t","protected":false},"excerpt":{"rendered":"<p>Politique de confidentialit\u00e9, conditions g\u00e9n\u00e9rales et protection des donn\u00e9es personnelles qui r\u00e9gissent l\u2019utilisation du service du site Web https:\/\/brindologia.com\/ appartenant \u00e0 la soci\u00e9t\u00e9 Brindologia Unipessoal Lda, dont le si\u00e8ge est Rua do Com\u00e9rcio 817, 4760-739 Vila Nova de Famalic\u00e3o, avec le NIF 515607673. 1. Introduction Conform\u00e9ment aux dispositions de la loi n\u00b0 67\/98 du 26 [&hellip;]<\/p>\n","protected":false},"author":1,"featured_media":2106,"parent":0,"menu_order":0,"comment_status":"closed","ping_status":"closed","template":"","meta":{"footnotes":""},"class_list":["post-2420","page","type-page","status-publish","has-post-thumbnail","hentry"],"yoast_head":"<!-- This site is optimized with the Yoast SEO plugin v26.9 - https:\/\/yoast.com\/product\/yoast-seo-wordpress\/ -->\n<title>Politique de Confidentialit\u00e9 - Brindologia<\/title>\n<meta name=\"robots\" content=\"index, follow, max-snippet:-1, max-image-preview:large, max-video-preview:-1\" \/>\n<link rel=\"canonical\" href=\"https:\/\/brindologia.com\/fr\/politique-de-confidentialite\/\" \/>\n<meta property=\"og:locale\" content=\"fr_FR\" \/>\n<meta property=\"og:type\" content=\"article\" \/>\n<meta property=\"og:title\" content=\"Politique de Confidentialit\u00e9 - Brindologia\" \/>\n<meta property=\"og:description\" content=\"Politique de confidentialit\u00e9, conditions g\u00e9n\u00e9rales et protection des donn\u00e9es personnelles qui r\u00e9gissent l\u2019utilisation du service du site Web https:\/\/brindologia.com\/ appartenant \u00e0 la soci\u00e9t\u00e9 Brindologia Unipessoal Lda, dont le si\u00e8ge est Rua do Com\u00e9rcio 817, 4760-739 Vila Nova de Famalic\u00e3o, avec le NIF 515607673. 1. Introduction Conform\u00e9ment aux dispositions de la loi n\u00b0 67\/98 du 26 [&hellip;]\" \/>\n<meta property=\"og:url\" content=\"https:\/\/brindologia.com\/fr\/politique-de-confidentialite\/\" \/>\n<meta property=\"og:site_name\" content=\"Brindologia\" \/>\n<meta property=\"article:publisher\" content=\"https:\/\/www.facebook.com\/Brindologia\/\" \/>\n<meta property=\"article:modified_time\" content=\"2023-03-31T11:33:25+00:00\" \/>\n<meta property=\"og:image\" content=\"https:\/\/brindologia.com\/wp-content\/uploads\/2022\/01\/Caixa-de-carta\u0303o-com-impressa\u0303o-1-cor.jpg\" \/>\n\t<meta property=\"og:image:width\" content=\"1920\" \/>\n\t<meta property=\"og:image:height\" content=\"1280\" \/>\n\t<meta property=\"og:image:type\" content=\"image\/jpeg\" \/>\n<meta name=\"twitter:card\" content=\"summary_large_image\" \/>\n<meta name=\"twitter:label1\" content=\"Dur\u00e9e de lecture estim\u00e9e\" \/>\n\t<meta name=\"twitter:data1\" content=\"3 minutes\" \/>\n<script type=\"application\/ld+json\" class=\"yoast-schema-graph\">{\"@context\":\"https:\/\/schema.org\",\"@graph\":[{\"@type\":\"WebPage\",\"@id\":\"https:\/\/brindologia.com\/fr\/politique-de-confidentialite\/\",\"url\":\"https:\/\/brindologia.com\/fr\/politique-de-confidentialite\/\",\"name\":\"Politique de Confidentialit\u00e9 - Brindologia\",\"isPartOf\":{\"@id\":\"https:\/\/new.brindologia.com\/fr\/#website\"},\"primaryImageOfPage\":{\"@id\":\"https:\/\/brindologia.com\/fr\/politique-de-confidentialite\/#primaryimage\"},\"image\":{\"@id\":\"https:\/\/brindologia.com\/fr\/politique-de-confidentialite\/#primaryimage\"},\"thumbnailUrl\":\"https:\/\/brindologia.com\/wp-content\/uploads\/2022\/01\/Caixa-de-carta\u0303o-com-impressa\u0303o-1-cor.jpg\",\"datePublished\":\"2022-01-18T12:59:49+00:00\",\"dateModified\":\"2023-03-31T11:33:25+00:00\",\"breadcrumb\":{\"@id\":\"https:\/\/brindologia.com\/fr\/politique-de-confidentialite\/#breadcrumb\"},\"inLanguage\":\"fr-FR\",\"potentialAction\":[{\"@type\":\"ReadAction\",\"target\":[\"https:\/\/brindologia.com\/fr\/politique-de-confidentialite\/\"]}]},{\"@type\":\"ImageObject\",\"inLanguage\":\"fr-FR\",\"@id\":\"https:\/\/brindologia.com\/fr\/politique-de-confidentialite\/#primaryimage\",\"url\":\"https:\/\/brindologia.com\/wp-content\/uploads\/2022\/01\/Caixa-de-carta\u0303o-com-impressa\u0303o-1-cor.jpg\",\"contentUrl\":\"https:\/\/brindologia.com\/wp-content\/uploads\/2022\/01\/Caixa-de-carta\u0303o-com-impressa\u0303o-1-cor.jpg\",\"width\":1920,\"height\":1280,\"caption\":\"Caixa de cart\u00e3o com impress\u00e3o a 1 cor\"},{\"@type\":\"BreadcrumbList\",\"@id\":\"https:\/\/brindologia.com\/fr\/politique-de-confidentialite\/#breadcrumb\",\"itemListElement\":[{\"@type\":\"ListItem\",\"position\":1,\"name\":\"In\u00edcio\",\"item\":\"https:\/\/brindologia.com\/fr\/home-page\/\"},{\"@type\":\"ListItem\",\"position\":2,\"name\":\"Politique de Confidentialit\u00e9\"}]},{\"@type\":\"WebSite\",\"@id\":\"https:\/\/new.brindologia.com\/fr\/#website\",\"url\":\"https:\/\/new.brindologia.com\/fr\/\",\"name\":\"Brindologia\",\"description\":\"Merchandising Made In Portugal \u00e0 medida\",\"publisher\":{\"@id\":\"https:\/\/new.brindologia.com\/fr\/#organization\"},\"alternateName\":\"Brindologia\",\"potentialAction\":[{\"@type\":\"SearchAction\",\"target\":{\"@type\":\"EntryPoint\",\"urlTemplate\":\"https:\/\/new.brindologia.com\/fr\/?s={search_term_string}\"},\"query-input\":{\"@type\":\"PropertyValueSpecification\",\"valueRequired\":true,\"valueName\":\"search_term_string\"}}],\"inLanguage\":\"fr-FR\"},{\"@type\":\"Organization\",\"@id\":\"https:\/\/new.brindologia.com\/fr\/#organization\",\"name\":\"Brindologia\",\"alternateName\":\"Brindologia, Unipessoal Lda\",\"url\":\"https:\/\/new.brindologia.com\/fr\/\",\"logo\":{\"@type\":\"ImageObject\",\"inLanguage\":\"fr-FR\",\"@id\":\"https:\/\/new.brindologia.com\/fr\/#\/schema\/logo\/image\/\",\"url\":\"https:\/\/brindologia.com\/wp-content\/uploads\/2021\/11\/logo_brindologia.svg\",\"contentUrl\":\"https:\/\/brindologia.com\/wp-content\/uploads\/2021\/11\/logo_brindologia.svg\",\"width\":218,\"height\":78,\"caption\":\"Brindologia\"},\"image\":{\"@id\":\"https:\/\/new.brindologia.com\/fr\/#\/schema\/logo\/image\/\"},\"sameAs\":[\"https:\/\/www.facebook.com\/Brindologia\/\",\"https:\/\/www.instagram.com\/brindologia\/\",\"https:\/\/www.linkedin.com\/company\/brindologia\/\"]}]}<\/script>\n<!-- \/ Yoast SEO plugin. -->","yoast_head_json":{"title":"Politique de Confidentialit\u00e9 - Brindologia","robots":{"index":"index","follow":"follow","max-snippet":"max-snippet:-1","max-image-preview":"max-image-preview:large","max-video-preview":"max-video-preview:-1"},"canonical":"https:\/\/brindologia.com\/fr\/politique-de-confidentialite\/","og_locale":"fr_FR","og_type":"article","og_title":"Politique de Confidentialit\u00e9 - Brindologia","og_description":"Politique de confidentialit\u00e9, conditions g\u00e9n\u00e9rales et protection des donn\u00e9es personnelles qui r\u00e9gissent l\u2019utilisation du service du site Web https:\/\/brindologia.com\/ appartenant \u00e0 la soci\u00e9t\u00e9 Brindologia Unipessoal Lda, dont le si\u00e8ge est Rua do Com\u00e9rcio 817, 4760-739 Vila Nova de Famalic\u00e3o, avec le NIF 515607673. 1. Introduction Conform\u00e9ment aux dispositions de la loi n\u00b0 67\/98 du 26 [&hellip;]","og_url":"https:\/\/brindologia.com\/fr\/politique-de-confidentialite\/","og_site_name":"Brindologia","article_publisher":"https:\/\/www.facebook.com\/Brindologia\/","article_modified_time":"2023-03-31T11:33:25+00:00","og_image":[{"width":1920,"height":1280,"url":"https:\/\/brindologia.com\/wp-content\/uploads\/2022\/01\/Caixa-de-carta\u0303o-com-impressa\u0303o-1-cor.jpg","type":"image\/jpeg"}],"twitter_card":"summary_large_image","twitter_misc":{"Dur\u00e9e de lecture estim\u00e9e":"3 minutes"},"schema":{"@context":"https:\/\/schema.org","@graph":[{"@type":"WebPage","@id":"https:\/\/brindologia.com\/fr\/politique-de-confidentialite\/","url":"https:\/\/brindologia.com\/fr\/politique-de-confidentialite\/","name":"Politique de Confidentialit\u00e9 - Brindologia","isPartOf":{"@id":"https:\/\/new.brindologia.com\/fr\/#website"},"primaryImageOfPage":{"@id":"https:\/\/brindologia.com\/fr\/politique-de-confidentialite\/#primaryimage"},"image":{"@id":"https:\/\/brindologia.com\/fr\/politique-de-confidentialite\/#primaryimage"},"thumbnailUrl":"https:\/\/brindologia.com\/wp-content\/uploads\/2022\/01\/Caixa-de-carta\u0303o-com-impressa\u0303o-1-cor.jpg","datePublished":"2022-01-18T12:59:49+00:00","dateModified":"2023-03-31T11:33:25+00:00","breadcrumb":{"@id":"https:\/\/brindologia.com\/fr\/politique-de-confidentialite\/#breadcrumb"},"inLanguage":"fr-FR","potentialAction":[{"@type":"ReadAction","target":["https:\/\/brindologia.com\/fr\/politique-de-confidentialite\/"]}]},{"@type":"ImageObject","inLanguage":"fr-FR","@id":"https:\/\/brindologia.com\/fr\/politique-de-confidentialite\/#primaryimage","url":"https:\/\/brindologia.com\/wp-content\/uploads\/2022\/01\/Caixa-de-carta\u0303o-com-impressa\u0303o-1-cor.jpg","contentUrl":"https:\/\/brindologia.com\/wp-content\/uploads\/2022\/01\/Caixa-de-carta\u0303o-com-impressa\u0303o-1-cor.jpg","width":1920,"height":1280,"caption":"Caixa de cart\u00e3o com impress\u00e3o a 1 cor"},{"@type":"BreadcrumbList","@id":"https:\/\/brindologia.com\/fr\/politique-de-confidentialite\/#breadcrumb","itemListElement":[{"@type":"ListItem","position":1,"name":"In\u00edcio","item":"https:\/\/brindologia.com\/fr\/home-page\/"},{"@type":"ListItem","position":2,"name":"Politique de Confidentialit\u00e9"}]},{"@type":"WebSite","@id":"https:\/\/new.brindologia.com\/fr\/#website","url":"https:\/\/new.brindologia.com\/fr\/","name":"Brindologia","description":"Merchandising Made In Portugal \u00e0 medida","publisher":{"@id":"https:\/\/new.brindologia.com\/fr\/#organization"},"alternateName":"Brindologia","potentialAction":[{"@type":"SearchAction","target":{"@type":"EntryPoint","urlTemplate":"https:\/\/new.brindologia.com\/fr\/?s={search_term_string}"},"query-input":{"@type":"PropertyValueSpecification","valueRequired":true,"valueName":"search_term_string"}}],"inLanguage":"fr-FR"},{"@type":"Organization","@id":"https:\/\/new.brindologia.com\/fr\/#organization","name":"Brindologia","alternateName":"Brindologia, Unipessoal Lda","url":"https:\/\/new.brindologia.com\/fr\/","logo":{"@type":"ImageObject","inLanguage":"fr-FR","@id":"https:\/\/new.brindologia.com\/fr\/#\/schema\/logo\/image\/","url":"https:\/\/brindologia.com\/wp-content\/uploads\/2021\/11\/logo_brindologia.svg","contentUrl":"https:\/\/brindologia.com\/wp-content\/uploads\/2021\/11\/logo_brindologia.svg","width":218,"height":78,"caption":"Brindologia"},"image":{"@id":"https:\/\/new.brindologia.com\/fr\/#\/schema\/logo\/image\/"},"sameAs":["https:\/\/www.facebook.com\/Brindologia\/","https:\/\/www.instagram.com\/brindologia\/","https:\/\/www.linkedin.com\/company\/brindologia\/"]}]}},"_links":{"self":[{"href":"https:\/\/brindologia.com\/fr\/wp-json\/wp\/v2\/pages\/2420","targetHints":{"allow":["GET"]}}],"collection":[{"href":"https:\/\/brindologia.com\/fr\/wp-json\/wp\/v2\/pages"}],"about":[{"href":"https:\/\/brindologia.com\/fr\/wp-json\/wp\/v2\/types\/page"}],"author":[{"embeddable":true,"href":"https:\/\/brindologia.com\/fr\/wp-json\/wp\/v2\/users\/1"}],"replies":[{"embeddable":true,"href":"https:\/\/brindologia.com\/fr\/wp-json\/wp\/v2\/comments?post=2420"}],"version-history":[{"count":2,"href":"https:\/\/brindologia.com\/fr\/wp-json\/wp\/v2\/pages\/2420\/revisions"}],"predecessor-version":[{"id":9061,"href":"https:\/\/brindologia.com\/fr\/wp-json\/wp\/v2\/pages\/2420\/revisions\/9061"}],"wp:featuredmedia":[{"embeddable":true,"href":"https:\/\/brindologia.com\/fr\/wp-json\/wp\/v2\/media\/2106"}],"wp:attachment":[{"href":"https:\/\/brindologia.com\/fr\/wp-json\/wp\/v2\/media?parent=2420"}],"curies":[{"name":"wp","href":"https:\/\/api.w.org\/{rel}","templated":true}]}}