{"id":2422,"date":"2022-01-18T13:06:30","date_gmt":"2022-01-18T13:06:30","guid":{"rendered":"https:\/\/brindes.weturnon.pt\/termes-et-conditions\/"},"modified":"2023-03-29T16:11:38","modified_gmt":"2023-03-29T16:11:38","slug":"termes-et-conditions","status":"publish","type":"page","link":"https:\/\/brindologia.com\/fr\/termes-et-conditions\/","title":{"rendered":"Termes et Conditions"},"content":{"rendered":"\t\t<div data-elementor-type=\"wp-page\" data-elementor-id=\"2422\" class=\"elementor elementor-2422 elementor-84\" data-elementor-post-type=\"page\">\n\t\t\t\t\t\t<section class=\"ob-is-breaking-bad elementor-section elementor-top-section elementor-element elementor-element-449d709 elementor-section-boxed elementor-section-height-default elementor-section-height-default\" data-id=\"449d709\" data-element_type=\"section\" data-e-type=\"section\" data-settings=\"{&quot;jet_parallax_layout_list&quot;:[],&quot;_ob_bbad_use_it&quot;:&quot;yes&quot;,&quot;_ob_bbad_sssic_use&quot;:&quot;no&quot;,&quot;_ob_glider_is_slider&quot;:&quot;no&quot;}\">\n\t\t\t\t\t\t<div class=\"elementor-container elementor-column-gap-default\">\n\t\t\t\t\t<div class=\"elementor-column elementor-col-100 elementor-top-column elementor-element elementor-element-c8a1c83\" data-id=\"c8a1c83\" data-element_type=\"column\" data-e-type=\"column\" data-settings=\"{&quot;_ob_bbad_is_stalker&quot;:&quot;no&quot;,&quot;_ob_teleporter_use&quot;:false,&quot;_ob_column_hoveranimator&quot;:&quot;no&quot;,&quot;_ob_column_has_pseudo&quot;:&quot;no&quot;}\">\n\t\t\t<div class=\"elementor-widget-wrap elementor-element-populated\">\n\t\t\t\t\t\t<div class=\"elementor-element elementor-element-36da137 ob-harakiri-inherit ob-has-background-overlay elementor-widget elementor-widget-text-editor\" data-id=\"36da137\" data-element_type=\"widget\" data-e-type=\"widget\" data-settings=\"{&quot;_ob_use_harakiri&quot;:&quot;yes&quot;,&quot;_ob_harakiri_writing_mode&quot;:&quot;inherit&quot;,&quot;_ob_postman_use&quot;:&quot;no&quot;,&quot;_ob_perspektive_use&quot;:&quot;no&quot;,&quot;_ob_poopart_use&quot;:&quot;yes&quot;,&quot;_ob_shadough_use&quot;:&quot;no&quot;,&quot;_ob_allow_hoveranimator&quot;:&quot;no&quot;,&quot;_ob_widget_stalker_use&quot;:&quot;no&quot;}\" data-widget_type=\"text-editor.default\">\n\t\t\t\t<div class=\"elementor-widget-container\">\n\t\t\t\t\t\t\t\t\t<div class=\"page\" title=\"Page 1\">\n<div class=\"layoutArea\">\n<div class=\"column\">\n<h2>1. Conditions de vente<\/h2>\n<p>Lors de la demande de devis via le site Web, le client accepte les conditions de vente et la politique de confidentialit\u00e9 dans les liens indiqu\u00e9s dans le pied de page.<br \/>Les valeurs indiqu\u00e9es sur le site Web n&rsquo;incluent pas la TVA.<\/p>\n<h2> <\/h2>\n<h2>2. Commandes<\/h2>\n<p>La passation des commandes a lieu avec l&rsquo;acceptation de la proposition du devis par \u00e9crit, via email, et la signature des mod\u00e8les pour la personnalisation des articles.<\/p>\n<p>Le client doit v\u00e9rifier tous les d\u00e9tails du produit et de la personnalisation pour s&rsquo;assurer qu&rsquo;il ach\u00e8te le bon produit avec la bonne personnalisation.<\/p>\n<h2> <\/h2>\n<h2>3. Stock de Produits<\/h2>\n<p>La disponibilit\u00e9 du stock sera inform\u00e9e au client en r\u00e9ponse \u00e0 la demande de devis. La remise de la proposition de devis ne garantit pas la r\u00e9servation de stock, qui est reconfirm\u00e9e au moment de la confirmation de la commande.<\/p>\n<h2> <\/h2>\n<h2>4. Mode de paiement<\/h2>\n<p>Les commandes sont pay\u00e9es d&rsquo;avance par virement bancaire.<\/p>\n<h2> <\/h2>\n<h2>5. Garantie et service apr\u00e8s-vente<\/h2>\n<p>En cas d&rsquo;insatisfaction de la part du client, il devra envoyer un email \u00e0 notre service client, info@brindologia.com dans les 15 jours suivant la r\u00e9ception des produits et sans en avoir fait aucun usage.<\/p>\n<p>Si vous recevez un produit non conforme et que vous souhaitez le retourner, veuillez nous contacter par e-mail pour savoir comment proc\u00e9der.<br \/>Votre satisfaction est notre priorit\u00e9, nous sommes toujours disponibles pour vous aider.<\/p>\n<\/div>\n<\/div>\n<\/div>\n<div class=\"page\" title=\"Page 2\">\n<div class=\"layoutArea\">\n<div class=\"column\">\n<h2> <\/h2>\n<h2>6. R\u00e9clamations \/ Retours<\/h2>\n<p>En cas de r\u00e9clamation, le client devra adresser la formalisation de celle-ci par courrier \u00e9lectronique et dans un d\u00e9lai maximum de 15 jours apr\u00e8s la date de r\u00e9ception de la commande.<\/p>\n<p>Apr\u00e8s retour du mat\u00e9riel, une analyse physique sera effectu\u00e9e et un avis d&rsquo;acceptation de la r\u00e9clamation sera r\u00e9dig\u00e9 si les d\u00e9faillances pr\u00e9c\u00e9demment pr\u00e9sent\u00e9es sont confirm\u00e9es.<\/p>\n<p>En cas de d\u00e9faut ou d&rsquo;erreur d&rsquo;impression, Brindologia Unipessoal Lda se r\u00e9serve le droit de pr\u00e9senter un nouveau produit similaire de valeur identique ou sup\u00e9rieure pour remplacer le pr\u00e9c\u00e9dent. Apr\u00e8s acceptation de la r\u00e9clamation, l&rsquo;article sera rapidement remplac\u00e9 sans frais suppl\u00e9mentaires pour le client.<\/p>\n<p>Pour les produits pr\u00e9sentant une erreur d&rsquo;impression, ne seront pas accept\u00e9es les r\u00e9clamations dont les erreurs sont identifiables sur les mod\u00e8les d&rsquo;impression et qui ne sont pas dans les conditions livr\u00e9es. Si, pour une raison quelconque, le produit ne r\u00e9pond pas aux exigences de retour, la r\u00e9clamation ne sera pas accept\u00e9e et le produit sera disponible pour exp\u00e9dition contre paiement des frais d&rsquo;exp\u00e9dition ou pour retrait dans nos installations.<\/p>\n<h2> <\/h2>\n<h2>7. Transports \/ Livraisons<\/h2>\n<p>Nous exp\u00e9dions dans les 5 continents.<\/p>\n<p>Les commandes sont exp\u00e9di\u00e9es en utilisant les services d&rsquo;une soci\u00e9t\u00e9 de transport express ou d&rsquo;un transitaire, avec une livraison normalement effectu\u00e9e dans les 24 \u00e0 48 heures ouvrables au Portugal continental. Les envois vers d&rsquo;autres parties du monde sont soumis \u00e0 une confirmation du temps de transit. Le client recevra un num\u00e9ro de tracking et un lien pour suivre les commandes.<\/p>\n<p>Les envois par transporteur express ne peuvent \u00eatre effectu\u00e9s qu&rsquo;aux adresses o\u00f9 une personne est pr\u00e9sente pour recevoir la commande.<\/p>\n<p>Les d\u00e9lais de livraison sont soumis \u00e0 consultation et commencent \u00e0 \u00eatre pris en consid\u00e9ration apr\u00e8s confirmation du mod\u00e8le et du budget.<\/p>\n<p>Les frais d&rsquo;exp\u00e9dition, quel que soit le lieu de livraison, sont soumis \u00e0 consultation.<\/p>\n<\/p>\n<\/div>\n<\/div>\n<\/div>\n<div class=\"page\" title=\"Page 2\">\n<div class=\"layoutArea\">\n<div class=\"column\">\n<p><strong>D\u00e9nomination sociale: Brindologia Unipessoal Lda NIF: 515607673<\/strong><\/p>\n<\/div>\n<\/div>\n<\/div>\n\t\t\t\t\t\t\t\t<\/div>\n\t\t\t\t<\/div>\n\t\t\t\t\t<\/div>\n\t\t<\/div>\n\t\t\t\t\t<\/div>\n\t\t<\/section>\n\t\t\t\t<\/div>\n\t\t","protected":false},"excerpt":{"rendered":"<p>1. Conditions de vente Lors de la demande de devis via le site Web, le client accepte les conditions de vente et la politique de confidentialit\u00e9 dans les liens indiqu\u00e9s dans le pied de page.Les valeurs indiqu\u00e9es sur le site Web n&rsquo;incluent pas la TVA. 2. Commandes La passation des commandes a lieu avec l&rsquo;acceptation [&hellip;]<\/p>\n","protected":false},"author":1,"featured_media":2383,"parent":0,"menu_order":0,"comment_status":"closed","ping_status":"closed","template":"","meta":{"footnotes":""},"class_list":["post-2422","page","type-page","status-publish","has-post-thumbnail","hentry"],"yoast_head":"<!-- This site is optimized with the Yoast SEO plugin v26.9 - https:\/\/yoast.com\/product\/yoast-seo-wordpress\/ -->\n<title>Termes et Conditions - Brindologia<\/title>\n<meta name=\"robots\" content=\"index, follow, max-snippet:-1, max-image-preview:large, max-video-preview:-1\" \/>\n<link rel=\"canonical\" href=\"https:\/\/brindologia.com\/fr\/termes-et-conditions\/\" \/>\n<meta property=\"og:locale\" content=\"fr_FR\" \/>\n<meta property=\"og:type\" content=\"article\" \/>\n<meta property=\"og:title\" content=\"Termes et Conditions - Brindologia\" \/>\n<meta property=\"og:description\" content=\"1. Conditions de vente Lors de la demande de devis via le site Web, le client accepte les conditions de vente et la politique de confidentialit\u00e9 dans les liens indiqu\u00e9s dans le pied de page.Les valeurs indiqu\u00e9es sur le site Web n&rsquo;incluent pas la TVA. 2. Commandes La passation des commandes a lieu avec l&rsquo;acceptation [&hellip;]\" \/>\n<meta property=\"og:url\" content=\"https:\/\/brindologia.com\/fr\/termes-et-conditions\/\" \/>\n<meta property=\"og:site_name\" content=\"Brindologia\" \/>\n<meta property=\"article:publisher\" content=\"https:\/\/www.facebook.com\/Brindologia\/\" \/>\n<meta property=\"article:modified_time\" content=\"2023-03-29T16:11:38+00:00\" \/>\n<meta property=\"og:image\" content=\"https:\/\/brindologia.com\/wp-content\/uploads\/2022\/01\/Caixa-de-carta\u0303o-com-impressa\u0303o-1-cor-1.jpg\" \/>\n\t<meta property=\"og:image:width\" content=\"1920\" \/>\n\t<meta property=\"og:image:height\" content=\"1280\" \/>\n\t<meta property=\"og:image:type\" content=\"image\/jpeg\" \/>\n<meta name=\"twitter:card\" content=\"summary_large_image\" \/>\n<meta name=\"twitter:label1\" content=\"Dur\u00e9e de lecture estim\u00e9e\" \/>\n\t<meta name=\"twitter:data1\" content=\"3 minutes\" \/>\n<script type=\"application\/ld+json\" class=\"yoast-schema-graph\">{\"@context\":\"https:\/\/schema.org\",\"@graph\":[{\"@type\":\"WebPage\",\"@id\":\"https:\/\/brindologia.com\/fr\/termes-et-conditions\/\",\"url\":\"https:\/\/brindologia.com\/fr\/termes-et-conditions\/\",\"name\":\"Termes et Conditions - Brindologia\",\"isPartOf\":{\"@id\":\"https:\/\/new.brindologia.com\/fr\/#website\"},\"primaryImageOfPage\":{\"@id\":\"https:\/\/brindologia.com\/fr\/termes-et-conditions\/#primaryimage\"},\"image\":{\"@id\":\"https:\/\/brindologia.com\/fr\/termes-et-conditions\/#primaryimage\"},\"thumbnailUrl\":\"https:\/\/brindologia.com\/wp-content\/uploads\/2022\/01\/Caixa-de-carta\u0303o-com-impressa\u0303o-1-cor-1.jpg\",\"datePublished\":\"2022-01-18T13:06:30+00:00\",\"dateModified\":\"2023-03-29T16:11:38+00:00\",\"breadcrumb\":{\"@id\":\"https:\/\/brindologia.com\/fr\/termes-et-conditions\/#breadcrumb\"},\"inLanguage\":\"fr-FR\",\"potentialAction\":[{\"@type\":\"ReadAction\",\"target\":[\"https:\/\/brindologia.com\/fr\/termes-et-conditions\/\"]}]},{\"@type\":\"ImageObject\",\"inLanguage\":\"fr-FR\",\"@id\":\"https:\/\/brindologia.com\/fr\/termes-et-conditions\/#primaryimage\",\"url\":\"https:\/\/brindologia.com\/wp-content\/uploads\/2022\/01\/Caixa-de-carta\u0303o-com-impressa\u0303o-1-cor-1.jpg\",\"contentUrl\":\"https:\/\/brindologia.com\/wp-content\/uploads\/2022\/01\/Caixa-de-carta\u0303o-com-impressa\u0303o-1-cor-1.jpg\",\"width\":1920,\"height\":1280},{\"@type\":\"BreadcrumbList\",\"@id\":\"https:\/\/brindologia.com\/fr\/termes-et-conditions\/#breadcrumb\",\"itemListElement\":[{\"@type\":\"ListItem\",\"position\":1,\"name\":\"In\u00edcio\",\"item\":\"https:\/\/brindologia.com\/fr\/home-page\/\"},{\"@type\":\"ListItem\",\"position\":2,\"name\":\"Termes et Conditions\"}]},{\"@type\":\"WebSite\",\"@id\":\"https:\/\/new.brindologia.com\/fr\/#website\",\"url\":\"https:\/\/new.brindologia.com\/fr\/\",\"name\":\"Brindologia\",\"description\":\"Merchandising Made In Portugal \u00e0 medida\",\"publisher\":{\"@id\":\"https:\/\/new.brindologia.com\/fr\/#organization\"},\"alternateName\":\"Brindologia\",\"potentialAction\":[{\"@type\":\"SearchAction\",\"target\":{\"@type\":\"EntryPoint\",\"urlTemplate\":\"https:\/\/new.brindologia.com\/fr\/?s={search_term_string}\"},\"query-input\":{\"@type\":\"PropertyValueSpecification\",\"valueRequired\":true,\"valueName\":\"search_term_string\"}}],\"inLanguage\":\"fr-FR\"},{\"@type\":\"Organization\",\"@id\":\"https:\/\/new.brindologia.com\/fr\/#organization\",\"name\":\"Brindologia\",\"alternateName\":\"Brindologia, Unipessoal Lda\",\"url\":\"https:\/\/new.brindologia.com\/fr\/\",\"logo\":{\"@type\":\"ImageObject\",\"inLanguage\":\"fr-FR\",\"@id\":\"https:\/\/new.brindologia.com\/fr\/#\/schema\/logo\/image\/\",\"url\":\"https:\/\/brindologia.com\/wp-content\/uploads\/2021\/11\/logo_brindologia.svg\",\"contentUrl\":\"https:\/\/brindologia.com\/wp-content\/uploads\/2021\/11\/logo_brindologia.svg\",\"width\":218,\"height\":78,\"caption\":\"Brindologia\"},\"image\":{\"@id\":\"https:\/\/new.brindologia.com\/fr\/#\/schema\/logo\/image\/\"},\"sameAs\":[\"https:\/\/www.facebook.com\/Brindologia\/\",\"https:\/\/www.instagram.com\/brindologia\/\",\"https:\/\/www.linkedin.com\/company\/brindologia\/\"]}]}<\/script>\n<!-- \/ Yoast SEO plugin. -->","yoast_head_json":{"title":"Termes et Conditions - Brindologia","robots":{"index":"index","follow":"follow","max-snippet":"max-snippet:-1","max-image-preview":"max-image-preview:large","max-video-preview":"max-video-preview:-1"},"canonical":"https:\/\/brindologia.com\/fr\/termes-et-conditions\/","og_locale":"fr_FR","og_type":"article","og_title":"Termes et Conditions - Brindologia","og_description":"1. Conditions de vente Lors de la demande de devis via le site Web, le client accepte les conditions de vente et la politique de confidentialit\u00e9 dans les liens indiqu\u00e9s dans le pied de page.Les valeurs indiqu\u00e9es sur le site Web n&rsquo;incluent pas la TVA. 2. Commandes La passation des commandes a lieu avec l&rsquo;acceptation [&hellip;]","og_url":"https:\/\/brindologia.com\/fr\/termes-et-conditions\/","og_site_name":"Brindologia","article_publisher":"https:\/\/www.facebook.com\/Brindologia\/","article_modified_time":"2023-03-29T16:11:38+00:00","og_image":[{"width":1920,"height":1280,"url":"https:\/\/brindologia.com\/wp-content\/uploads\/2022\/01\/Caixa-de-carta\u0303o-com-impressa\u0303o-1-cor-1.jpg","type":"image\/jpeg"}],"twitter_card":"summary_large_image","twitter_misc":{"Dur\u00e9e de lecture estim\u00e9e":"3 minutes"},"schema":{"@context":"https:\/\/schema.org","@graph":[{"@type":"WebPage","@id":"https:\/\/brindologia.com\/fr\/termes-et-conditions\/","url":"https:\/\/brindologia.com\/fr\/termes-et-conditions\/","name":"Termes et Conditions - Brindologia","isPartOf":{"@id":"https:\/\/new.brindologia.com\/fr\/#website"},"primaryImageOfPage":{"@id":"https:\/\/brindologia.com\/fr\/termes-et-conditions\/#primaryimage"},"image":{"@id":"https:\/\/brindologia.com\/fr\/termes-et-conditions\/#primaryimage"},"thumbnailUrl":"https:\/\/brindologia.com\/wp-content\/uploads\/2022\/01\/Caixa-de-carta\u0303o-com-impressa\u0303o-1-cor-1.jpg","datePublished":"2022-01-18T13:06:30+00:00","dateModified":"2023-03-29T16:11:38+00:00","breadcrumb":{"@id":"https:\/\/brindologia.com\/fr\/termes-et-conditions\/#breadcrumb"},"inLanguage":"fr-FR","potentialAction":[{"@type":"ReadAction","target":["https:\/\/brindologia.com\/fr\/termes-et-conditions\/"]}]},{"@type":"ImageObject","inLanguage":"fr-FR","@id":"https:\/\/brindologia.com\/fr\/termes-et-conditions\/#primaryimage","url":"https:\/\/brindologia.com\/wp-content\/uploads\/2022\/01\/Caixa-de-carta\u0303o-com-impressa\u0303o-1-cor-1.jpg","contentUrl":"https:\/\/brindologia.com\/wp-content\/uploads\/2022\/01\/Caixa-de-carta\u0303o-com-impressa\u0303o-1-cor-1.jpg","width":1920,"height":1280},{"@type":"BreadcrumbList","@id":"https:\/\/brindologia.com\/fr\/termes-et-conditions\/#breadcrumb","itemListElement":[{"@type":"ListItem","position":1,"name":"In\u00edcio","item":"https:\/\/brindologia.com\/fr\/home-page\/"},{"@type":"ListItem","position":2,"name":"Termes et Conditions"}]},{"@type":"WebSite","@id":"https:\/\/new.brindologia.com\/fr\/#website","url":"https:\/\/new.brindologia.com\/fr\/","name":"Brindologia","description":"Merchandising Made In Portugal \u00e0 medida","publisher":{"@id":"https:\/\/new.brindologia.com\/fr\/#organization"},"alternateName":"Brindologia","potentialAction":[{"@type":"SearchAction","target":{"@type":"EntryPoint","urlTemplate":"https:\/\/new.brindologia.com\/fr\/?s={search_term_string}"},"query-input":{"@type":"PropertyValueSpecification","valueRequired":true,"valueName":"search_term_string"}}],"inLanguage":"fr-FR"},{"@type":"Organization","@id":"https:\/\/new.brindologia.com\/fr\/#organization","name":"Brindologia","alternateName":"Brindologia, Unipessoal Lda","url":"https:\/\/new.brindologia.com\/fr\/","logo":{"@type":"ImageObject","inLanguage":"fr-FR","@id":"https:\/\/new.brindologia.com\/fr\/#\/schema\/logo\/image\/","url":"https:\/\/brindologia.com\/wp-content\/uploads\/2021\/11\/logo_brindologia.svg","contentUrl":"https:\/\/brindologia.com\/wp-content\/uploads\/2021\/11\/logo_brindologia.svg","width":218,"height":78,"caption":"Brindologia"},"image":{"@id":"https:\/\/new.brindologia.com\/fr\/#\/schema\/logo\/image\/"},"sameAs":["https:\/\/www.facebook.com\/Brindologia\/","https:\/\/www.instagram.com\/brindologia\/","https:\/\/www.linkedin.com\/company\/brindologia\/"]}]}},"_links":{"self":[{"href":"https:\/\/brindologia.com\/fr\/wp-json\/wp\/v2\/pages\/2422","targetHints":{"allow":["GET"]}}],"collection":[{"href":"https:\/\/brindologia.com\/fr\/wp-json\/wp\/v2\/pages"}],"about":[{"href":"https:\/\/brindologia.com\/fr\/wp-json\/wp\/v2\/types\/page"}],"author":[{"embeddable":true,"href":"https:\/\/brindologia.com\/fr\/wp-json\/wp\/v2\/users\/1"}],"replies":[{"embeddable":true,"href":"https:\/\/brindologia.com\/fr\/wp-json\/wp\/v2\/comments?post=2422"}],"version-history":[{"count":3,"href":"https:\/\/brindologia.com\/fr\/wp-json\/wp\/v2\/pages\/2422\/revisions"}],"predecessor-version":[{"id":8918,"href":"https:\/\/brindologia.com\/fr\/wp-json\/wp\/v2\/pages\/2422\/revisions\/8918"}],"wp:featuredmedia":[{"embeddable":true,"href":"https:\/\/brindologia.com\/fr\/wp-json\/wp\/v2\/media\/2383"}],"wp:attachment":[{"href":"https:\/\/brindologia.com\/fr\/wp-json\/wp\/v2\/media?parent=2422"}],"curies":[{"name":"wp","href":"https:\/\/api.w.org\/{rel}","templated":true}]}}